{"id":3980,"date":"2021-12-10T12:22:44","date_gmt":"2021-12-10T12:22:44","guid":{"rendered":"https:\/\/robolive.info\/?page_id=3980"},"modified":"2024-12-18T15:12:45","modified_gmt":"2024-12-18T15:12:45","slug":"news","status":"publish","type":"page","link":"https:\/\/robolive.info\/de\/news\/","title":{"rendered":"News"},"content":{"rendered":"\t\t<div data-elementor-type=\"wp-page\" data-elementor-id=\"3980\" class=\"elementor elementor-3980\" data-elementor-post-type=\"page\">\n\t\t\t\t\t\t<section class=\"elementor-section elementor-top-section elementor-element elementor-element-cb9df2c elementor-section-full_width elementor-section-height-min-height elementor-section-items-stretch elementor-section-content-middle elementor-section-height-default wpr-particle-no wpr-jarallax-no wpr-parallax-no wpr-sticky-section-no\" data-id=\"cb9df2c\" data-element_type=\"section\" data-e-type=\"section\" data-settings=\"{&quot;background_background&quot;:&quot;classic&quot;,&quot;animation&quot;:&quot;none&quot;}\">\n\t\t\t\t\t\t\t<div class=\"elementor-background-overlay\"><\/div>\n\t\t\t\t\t\t\t<div class=\"elementor-container elementor-column-gap-no\">\n\t\t\t\t\t<div class=\"elementor-column elementor-col-33 elementor-top-column elementor-element elementor-element-7687055\" data-id=\"7687055\" data-element_type=\"column\" data-e-type=\"column\">\n\t\t\t<div class=\"elementor-widget-wrap\">\n\t\t\t\t\t\t\t<\/div>\n\t\t<\/div>\n\t\t\t\t<div class=\"elementor-column elementor-col-33 elementor-top-column elementor-element elementor-element-32354f1\" data-id=\"32354f1\" data-element_type=\"column\" data-e-type=\"column\">\n\t\t\t<div class=\"elementor-widget-wrap elementor-element-populated\">\n\t\t\t\t\t\t<div class=\"elementor-element elementor-element-f1a1516 elementor-widget__width-initial elementor-invisible elementor-widget elementor-widget-heading\" data-id=\"f1a1516\" data-element_type=\"widget\" data-e-type=\"widget\" data-settings=\"{&quot;_animation&quot;:&quot;fadeIn&quot;}\" data-widget_type=\"heading.default\">\n\t\t\t\t<div class=\"elementor-widget-container\">\n\t\t\t\t\t<h2 class=\"elementor-heading-title elementor-size-default\">WAS GIBT NEUES?<\/h2>\t\t\t\t<\/div>\n\t\t\t\t<\/div>\n\t\t\t\t<div class=\"elementor-element elementor-element-e1246a4 elementor-widget__width-initial elementor-invisible elementor-widget elementor-widget-text-editor\" data-id=\"e1246a4\" data-element_type=\"widget\" data-e-type=\"widget\" data-settings=\"{&quot;_animation&quot;:&quot;fadeIn&quot;}\" data-widget_type=\"text-editor.default\">\n\t\t\t\t<div class=\"elementor-widget-container\">\n\t\t\t\t\t\t\t\t\t<p>Wir entwickeln RoboLive<sup>\u00ae<\/sup> weiter. Gleichzeitig entwickeln wir uns weiter. Hier berichten wir dar\u00fcber.<\/p>\t\t\t\t\t\t\t\t<\/div>\n\t\t\t\t<\/div>\n\t\t\t\t\t<\/div>\n\t\t<\/div>\n\t\t\t\t<div class=\"elementor-column elementor-col-33 elementor-top-column elementor-element elementor-element-f19647c\" data-id=\"f19647c\" data-element_type=\"column\" data-e-type=\"column\">\n\t\t\t<div class=\"elementor-widget-wrap\">\n\t\t\t\t\t\t\t<\/div>\n\t\t<\/div>\n\t\t\t\t\t<\/div>\n\t\t<\/section>\n\t\t\t\t<section class=\"elementor-section elementor-top-section elementor-element elementor-element-a78519d elementor-section-full_width elementor-section-height-default elementor-section-height-default wpr-particle-no wpr-jarallax-no wpr-parallax-no wpr-sticky-section-no\" data-id=\"a78519d\" data-element_type=\"section\" data-e-type=\"section\" data-settings=\"{&quot;background_background&quot;:&quot;classic&quot;}\">\n\t\t\t\t\t\t<div class=\"elementor-container elementor-column-gap-default\">\n\t\t\t\t\t<div class=\"elementor-column elementor-col-25 elementor-top-column elementor-element elementor-element-d3230a9\" data-id=\"d3230a9\" data-element_type=\"column\" data-e-type=\"column\">\n\t\t\t<div class=\"elementor-widget-wrap\">\n\t\t\t\t\t\t\t<\/div>\n\t\t<\/div>\n\t\t\t\t<div class=\"elementor-column elementor-col-50 elementor-top-column elementor-element elementor-element-4455806\" data-id=\"4455806\" data-element_type=\"column\" data-e-type=\"column\">\n\t\t\t<div class=\"elementor-widget-wrap elementor-element-populated\">\n\t\t\t\t\t\t<div class=\"elementor-element elementor-element-f376c2c elementor-widget elementor-widget-heading\" data-id=\"f376c2c\" data-element_type=\"widget\" data-e-type=\"widget\" data-widget_type=\"heading.default\">\n\t\t\t\t<div class=\"elementor-widget-container\">\n\t\t\t\t\t<h2 class=\"elementor-heading-title elementor-size-default\">NEWS ARCHIVE:<\/h2>\t\t\t\t<\/div>\n\t\t\t\t<\/div>\n\t\t\t\t<div class=\"elementor-element elementor-element-e1a26aa raven-hover-scale-up elementor-widget elementor-widget-raven-advanced-posts\" data-id=\"e1a26aa\" data-element_type=\"widget\" data-e-type=\"widget\" data-settings=\"{&quot;columns&quot;:&quot;4&quot;,&quot;featured_image_hover&quot;:&quot;scale-up&quot;,&quot;pagination_type&quot;:&quot;load_more&quot;,&quot;query_posts_per_page&quot;:4,&quot;general_layout&quot;:&quot;grid&quot;,&quot;columns_tablet&quot;:&quot;2&quot;,&quot;columns_mobile&quot;:&quot;1&quot;,&quot;query_orderby&quot;:&quot;date&quot;,&quot;query_offset&quot;:0}\" data-widget_type=\"raven-advanced-posts.default\">\n\t\t\t\t<div class=\"elementor-widget-container\">\n\t\t\t\t\t\t\t<div class=\"raven-posts raven-posts-grid\">\n\t\t\t\t\t\t<div class=\"advanced-posts-content content-layout-under-image raven-grid raven-grid-4 raven-grid-mobile-1 raven-grid-tablet-2 scale-up \" data-post-id=\"3980\" data-archive-query=\"\">\n\t\t\t\t<div class=\"raven-posts-item raven-grid-item  \"><div class=\"raven-post-wrapper \"><div class=\"raven-post  \"><div class=\"raven-post-image-wrap\"><a class=\"raven-post-image raven-image-fit\" href=\"https:\/\/robolive.info\/de\/fuenf-groesste-automatisierungsherausforderungen-karosseriebau\/\"> <img fetchpriority=\"high\" decoding=\"async\" width=\"1024\" height=\"683\" src=\"https:\/\/robolive.info\/wp-content\/uploads\/2025\/07\/RoboLive-Users-4-1024x683.webp\" class=\"attachment-large size-large wp-image-15424\" alt=\"\" srcset=\"https:\/\/robolive.info\/wp-content\/uploads\/2025\/07\/RoboLive-Users-4-1024x683.webp 1024w, https:\/\/robolive.info\/wp-content\/uploads\/2025\/07\/RoboLive-Users-4-300x200.webp 300w, https:\/\/robolive.info\/wp-content\/uploads\/2025\/07\/RoboLive-Users-4-768x512.webp 768w, https:\/\/robolive.info\/wp-content\/uploads\/2025\/07\/RoboLive-Users-4.webp 1200w\" sizes=\"(max-width: 1024px) 100vw, 1024px\" \/><span class=\"raven-post-image-overlay\"><\/span><\/a><\/div><div class=\"raven-post-content\" data-id=\"15700\"><h3 class=\"raven-post-title\"><a class=\"raven-post-title-link\" href=\"https:\/\/robolive.info\/de\/fuenf-groesste-automatisierungsherausforderungen-karosseriebau\/\">Die f\u00fcnf gr\u00f6\u00dften Automatisierungsherausforderungen im Karosseriebau<\/a><\/h3><div class=\"raven-post-excerpt\">Automatisierung kann genauso viele Probleme verursachen, wie sie l\u00f6st. In hochautomatisierten Fertigungsumgebungen der Karosseriehersteller stehen seit jeher Mitarbeiterinnen und Mitarbeiter tagt\u00e4glich vor immensen Herausforderungen. Und<\/div><div class=\"raven-post-read-more\"><a class=\"raven-post-button\" href=\"https:\/\/robolive.info\/de\/fuenf-groesste-automatisierungsherausforderungen-karosseriebau\/\"><span class=\"raven-post-button-text\">MEHR ERFAHREN &gt;<\/span><\/a><\/div><\/div><\/div><\/div><\/div><div class=\"raven-posts-item raven-grid-item  \"><div class=\"raven-post-wrapper \"><div class=\"raven-post  \"><div class=\"raven-post-image-wrap\"><a class=\"raven-post-image raven-image-fit\" href=\"https:\/\/robolive.info\/de\/robolive-zum-stellantis-factory-booster-day-eingeladen\/\"> <img decoding=\"async\" width=\"1024\" height=\"683\" src=\"https:\/\/robolive.info\/wp-content\/uploads\/2025\/04\/DSC04693-1024x683.png\" class=\"attachment-large size-large wp-image-14977\" alt=\"\" srcset=\"https:\/\/robolive.info\/wp-content\/uploads\/2025\/04\/DSC04693-1024x683.png 1024w, https:\/\/robolive.info\/wp-content\/uploads\/2025\/04\/DSC04693-300x200.png 300w, https:\/\/robolive.info\/wp-content\/uploads\/2025\/04\/DSC04693-768x512.png 768w, https:\/\/robolive.info\/wp-content\/uploads\/2025\/04\/DSC04693.png 1500w\" sizes=\"(max-width: 1024px) 100vw, 1024px\" \/><span class=\"raven-post-image-overlay\"><\/span><\/a><\/div><div class=\"raven-post-content\" data-id=\"15613\"><h3 class=\"raven-post-title\"><a class=\"raven-post-title-link\" href=\"https:\/\/robolive.info\/de\/robolive-zum-stellantis-factory-booster-day-eingeladen\/\">RoboLive<sup>\u00ae<\/sup> zum Stellantis Factory Booster Day eingeladen<\/a><\/h3><div class=\"raven-post-excerpt\">CHATTANOOGA, TN, 10. September 2025 \u2013 Seit ihrer Gr\u00fcndung im Jahr 1970 bem\u00fcht sich Dressler Automation, ihren Kunden in der Fertigungsindustrie wegweisende L\u00f6sungen anzubieten. Die<\/div><div class=\"raven-post-read-more\"><a class=\"raven-post-button\" href=\"https:\/\/robolive.info\/de\/robolive-zum-stellantis-factory-booster-day-eingeladen\/\"><span class=\"raven-post-button-text\">MEHR ERFAHREN &gt;<\/span><\/a><\/div><\/div><\/div><\/div><\/div><div class=\"raven-posts-item raven-grid-item  \"><div class=\"raven-post-wrapper \"><div class=\"raven-post  \"><div class=\"raven-post-image-wrap\"><a class=\"raven-post-image raven-image-fit\" href=\"https:\/\/robolive.info\/de\/case-study-kalte-schweisspunkte-vertauschte-ids\/\"> <img decoding=\"async\" width=\"1024\" height=\"682\" src=\"https:\/\/robolive.info\/wp-content\/uploads\/2025\/04\/installation-1024x682.png\" class=\"attachment-large size-large wp-image-15026\" alt=\"\" srcset=\"https:\/\/robolive.info\/wp-content\/uploads\/2025\/04\/installation-1024x682.png 1024w, https:\/\/robolive.info\/wp-content\/uploads\/2025\/04\/installation-300x200.png 300w, https:\/\/robolive.info\/wp-content\/uploads\/2025\/04\/installation-768x512.png 768w, https:\/\/robolive.info\/wp-content\/uploads\/2025\/04\/installation.png 1400w\" sizes=\"(max-width: 1024px) 100vw, 1024px\" \/><span class=\"raven-post-image-overlay\"><\/span><\/a><\/div><div class=\"raven-post-content\" data-id=\"15146\"><h3 class=\"raven-post-title\"><a class=\"raven-post-title-link\" href=\"https:\/\/robolive.info\/de\/case-study-kalte-schweisspunkte-vertauschte-ids\/\">Case Study: Kalte Schwei\u00dfpunkte aufgrund vertauschter IDs<\/a><\/h3><div class=\"raven-post-excerpt\">Seit seiner Einf\u00fchrung in 2020 ist RoboLive zu einer f\u00fchrenden Industrie-4.0-L\u00f6sung bei Herstellern innerhalb der Automotive-Industrie geworden. Und das aus gutem Grund: keine andere L\u00f6sung<\/div><div class=\"raven-post-read-more\"><a class=\"raven-post-button\" href=\"https:\/\/robolive.info\/de\/case-study-kalte-schweisspunkte-vertauschte-ids\/\"><span class=\"raven-post-button-text\">MEHR ERFAHREN &gt;<\/span><\/a><\/div><\/div><\/div><\/div><\/div><div class=\"raven-posts-item raven-grid-item  \"><div class=\"raven-post-wrapper \"><div class=\"raven-post  \"><div class=\"raven-post-image-wrap\"><a class=\"raven-post-image raven-image-fit\" href=\"https:\/\/robolive.info\/de\/vom-manuellen-schaltschrankbau-zur-vollautomatisierten-prozessvisualisierung\/\"> <img loading=\"lazy\" decoding=\"async\" width=\"1024\" height=\"683\" src=\"https:\/\/robolive.info\/wp-content\/uploads\/2023\/04\/hm23-3-1024x683.jpg\" class=\"attachment-large size-large wp-image-10389\" alt=\"\" srcset=\"https:\/\/robolive.info\/wp-content\/uploads\/2023\/04\/hm23-3-1024x683.jpg 1024w, https:\/\/robolive.info\/wp-content\/uploads\/2023\/04\/hm23-3-300x200.jpg 300w, https:\/\/robolive.info\/wp-content\/uploads\/2023\/04\/hm23-3-768x512.jpg 768w, https:\/\/robolive.info\/wp-content\/uploads\/2023\/04\/hm23-3-1536x1024.jpg 1536w, https:\/\/robolive.info\/wp-content\/uploads\/2023\/04\/hm23-3-2048x1366.jpg 2048w\" sizes=\"(max-width: 1024px) 100vw, 1024px\" \/><span class=\"raven-post-image-overlay\"><\/span><\/a><\/div><div class=\"raven-post-content\" data-id=\"11840\"><h3 class=\"raven-post-title\"><a class=\"raven-post-title-link\" href=\"https:\/\/robolive.info\/de\/vom-manuellen-schaltschrankbau-zur-vollautomatisierten-prozessvisualisierung\/\">Vom manuellen Schaltschrankbau zur vollautomatisierten Prozessvisualisierung.<\/a><\/h3><div class=\"raven-post-excerpt\">Sollten Sie mit Fertigungsrobotern arbeitet, ist\u00a0RoboLive\u00ae\u00a0Ihnen sehr wahrscheinlich bereits gel\u00e4ufig. Schlie\u00dflich arbeiten mittlerweile weltweit Hersteller und Systemintegratoren, Werksleiter und Roboterprogrammierer damit, um Roboterprogramme effizienter in<\/div><div class=\"raven-post-read-more\"><a class=\"raven-post-button\" href=\"https:\/\/robolive.info\/de\/vom-manuellen-schaltschrankbau-zur-vollautomatisierten-prozessvisualisierung\/\"><span class=\"raven-post-button-text\">MEHR ERFAHREN &gt;<\/span><\/a><\/div><\/div><\/div><\/div><\/div>\t\t\t<\/div>\n\t\t\t<span class=\"raven-posts-preloader\"><\/span><div class=\"raven-load-more\" data-settings=\"{&quot;maxNumPages&quot;:7}\"><a class=\"raven-load-more-button\" href=\"#\"><span class=\"raven-post-button-text\">MEHR ERFAHREN<\/span><\/a><\/div>\t\t<\/div>\n\t\t\t\t\t\t<\/div>\n\t\t\t\t<\/div>\n\t\t\t\t\t<\/div>\n\t\t<\/div>\n\t\t\t\t<div class=\"elementor-column elementor-col-25 elementor-top-column elementor-element elementor-element-da71d19\" data-id=\"da71d19\" data-element_type=\"column\" data-e-type=\"column\">\n\t\t\t<div class=\"elementor-widget-wrap\">\n\t\t\t\t\t\t\t<\/div>\n\t\t<\/div>\n\t\t\t\t\t<\/div>\n\t\t<\/section>\n\t\t\t\t<section class=\"elementor-section elementor-top-section elementor-element elementor-element-2e3c32f elementor-section-full_width elementor-section-content-middle elementor-section-height-min-height elementor-section-items-stretch elementor-section-height-default wpr-particle-no wpr-jarallax-no wpr-parallax-no wpr-sticky-section-no\" data-id=\"2e3c32f\" data-element_type=\"section\" data-e-type=\"section\" data-settings=\"{&quot;background_background&quot;:&quot;classic&quot;}\">\n\t\t\t\t\t\t\t<div class=\"elementor-background-overlay\"><\/div>\n\t\t\t\t\t\t\t<div class=\"elementor-container elementor-column-gap-custom\">\n\t\t\t\t\t<div class=\"elementor-column elementor-col-25 elementor-top-column elementor-element elementor-element-df54214\" data-id=\"df54214\" data-element_type=\"column\" data-e-type=\"column\" data-settings=\"{&quot;background_background&quot;:&quot;classic&quot;}\">\n\t\t\t<div class=\"elementor-widget-wrap\">\n\t\t\t\t\t\t\t<\/div>\n\t\t<\/div>\n\t\t\t\t<div class=\"elementor-column elementor-col-25 elementor-top-column elementor-element elementor-element-1f14b1d\" data-id=\"1f14b1d\" data-element_type=\"column\" data-e-type=\"column\" data-settings=\"{&quot;background_background&quot;:&quot;classic&quot;}\">\n\t\t\t<div class=\"elementor-widget-wrap elementor-element-populated\">\n\t\t\t\t\t\t<div class=\"elementor-element elementor-element-34beebe elementor-widget elementor-widget-heading\" data-id=\"34beebe\" data-element_type=\"widget\" data-e-type=\"widget\" data-widget_type=\"heading.default\">\n\t\t\t\t<div class=\"elementor-widget-container\">\n\t\t\t\t\t<h2 class=\"elementor-heading-title elementor-size-default\">ERHALTEN SIE DAS BESTE VON ROBOLIVE<sup>\u00ae<\/sup> IN IHREM POSTEINGANG:<\/h2>\t\t\t\t<\/div>\n\t\t\t\t<\/div>\n\t\t\t\t<div class=\"elementor-element elementor-element-19eaa86 elementor-widget elementor-widget-text-editor\" data-id=\"19eaa86\" data-element_type=\"widget\" data-e-type=\"widget\" data-widget_type=\"text-editor.default\">\n\t\t\t\t<div class=\"elementor-widget-container\">\n\t\t\t\t\t\t\t\t\t<p>Melden Sie sich f\u00fcr den RoboLive<sup>\u00ae<\/sup>-Newsletter an und erhalten Sie viertelj\u00e4hrlich einen \u00dcberblick \u00fcber die besten Nachrichten aus der Automatisierungsbranche sowie Produktaktualisierungen, Sonderangebote und vieles mehr.<\/p>\t\t\t\t\t\t\t\t<\/div>\n\t\t\t\t<\/div>\n\t\t\t\t\t<\/div>\n\t\t<\/div>\n\t\t\t\t<div class=\"elementor-column elementor-col-25 elementor-top-column elementor-element elementor-element-758af4b\" data-id=\"758af4b\" data-element_type=\"column\" data-e-type=\"column\" data-settings=\"{&quot;background_background&quot;:&quot;classic&quot;}\">\n\t\t\t<div class=\"elementor-widget-wrap elementor-element-populated\">\n\t\t\t\t\t\t<div class=\"elementor-element elementor-element-5aa9cc6 elementor-button-align-stretch elementor-widget elementor-widget-form\" data-id=\"5aa9cc6\" data-element_type=\"widget\" data-e-type=\"widget\" data-settings=\"{&quot;step_next_label&quot;:&quot;Next&quot;,&quot;step_previous_label&quot;:&quot;Previous&quot;,&quot;button_width&quot;:&quot;100&quot;,&quot;step_type&quot;:&quot;number_text&quot;,&quot;step_icon_shape&quot;:&quot;circle&quot;}\" data-widget_type=\"form.default\">\n\t\t\t\t<div class=\"elementor-widget-container\">\n\t\t\t\t\t\t\t<form class=\"elementor-form\" method=\"post\" name=\"New Form\" aria-label=\"New Form\">\n\t\t\t<input type=\"hidden\" name=\"post_id\" value=\"3980\"\/>\n\t\t\t<input type=\"hidden\" name=\"form_id\" value=\"5aa9cc6\"\/>\n\t\t\t<input type=\"hidden\" name=\"referer_title\" value=\"RoboLive\u00ae | Transparenz bei Fertigungsrobotern\" \/>\n\n\t\t\t\t\t\t\t<input type=\"hidden\" name=\"queried_id\" value=\"3980\"\/>\n\t\t\t\n\t\t\t<div class=\"elementor-form-fields-wrapper elementor-labels-above\">\n\t\t\t\t\t\t\t\t<div class=\"elementor-field-type-email elementor-field-group elementor-column elementor-field-group-email elementor-col-100 elementor-field-required\">\n\t\t\t\t\t\t\t\t\t\t\t\t<label for=\"form-field-email\" class=\"elementor-field-label\">\n\t\t\t\t\t\t\t\tEmail\t\t\t\t\t\t\t<\/label>\n\t\t\t\t\t\t\t\t\t\t\t\t\t\t<input size=\"1\" type=\"email\" name=\"form_fields[email]\" id=\"form-field-email\" class=\"elementor-field elementor-size-sm  elementor-field-textual\" placeholder=\"name@domain.com\" required=\"required\">\n\t\t\t\t\t\t\t\t\t\t\t<\/div>\n\t\t\t\t\t\t\t\t<div class=\"elementor-field-group elementor-column elementor-field-type-submit elementor-col-100 e-form__buttons\">\n\t\t\t\t\t<button class=\"elementor-button elementor-size-xs\" type=\"submit\">\n\t\t\t\t\t\t<span class=\"elementor-button-content-wrapper\">\n\t\t\t\t\t\t\t\t\t\t\t\t\t\t\t\t\t\t\t\t\t\t<span class=\"elementor-button-text\">SendEN<\/span>\n\t\t\t\t\t\t\t\t\t\t\t\t\t<\/span>\n\t\t\t\t\t<\/button>\n\t\t\t\t<\/div>\n\t\t\t<\/div>\n\t\t<\/form>\n\t\t\t\t\t\t<\/div>\n\t\t\t\t<\/div>\n\t\t\t\t\t<\/div>\n\t\t<\/div>\n\t\t\t\t<div class=\"elementor-column elementor-col-25 elementor-top-column elementor-element elementor-element-a4bd871\" data-id=\"a4bd871\" data-element_type=\"column\" data-e-type=\"column\" data-settings=\"{&quot;background_background&quot;:&quot;classic&quot;}\">\n\t\t\t<div class=\"elementor-widget-wrap\">\n\t\t\t\t\t\t\t<\/div>\n\t\t<\/div>\n\t\t\t\t\t<\/div>\n\t\t<\/section>\n\t\t\t\t<\/div>\n\t\t","protected":false},"excerpt":{"rendered":"<p>WAS GIBT NEUES? Wir entwickeln RoboLive\u00ae weiter. Gleichzeitig entwickeln wir uns weiter. Hier berichten wir dar\u00fcber. NEWS ARCHIVE: Meet the New RoboLive\u00ae Plans 2024 is coming to an end, and today we\u2019d like to share a major new update from the RoboLive\u00ae team. A lot has happened sinceMEHR ERFAHREN &gt; The True Cost of Poor Quality COPQ\u2014Cost of Poor Quality\u2014is a quality measure used across a variety of industries in modern day. It\u2019s especially important in the manufacturing world, where scrappedMEHR ERFAHREN &gt; The Truth about Processing-Related Vehicle Recall Whether you\u2019re an automotive manufacturer, retailer, or consumer, there\u2019s one word you don\u2019t want to hear when talking about quality: recall. In 2022 alone, overMEHR ERFAHREN &gt; 50 Years of Expertise: The RoboLive\u00ae Story If you\u2019re a tech-forward manufacturing professional working with industrial robots, you probably already know what RoboLive\u00ae can do for you. Whether you\u2019re a manufacturer orMEHR ERFAHREN &gt; MEHR ERFAHREN ERHALTEN SIE DAS BESTE VON ROBOLIVE\u00ae IN IHREM POSTEINGANG: Melden Sie sich f\u00fcr den RoboLive\u00ae-Newsletter an und erhalten Sie viertelj\u00e4hrlich einen \u00dcberblick \u00fcber die besten Nachrichten aus der Automatisierungsbranche sowie Produktaktualisierungen, Sonderangebote und vieles mehr.<\/p>\n","protected":false},"author":5,"featured_media":0,"parent":0,"menu_order":8,"comment_status":"closed","ping_status":"closed","template":"elementor_header_footer","meta":{"inline_featured_image":false,"footnotes":""},"class_list":["post-3980","page","type-page","status-publish","hentry"],"aioseo_notices":[],"_links":{"self":[{"href":"https:\/\/robolive.info\/de\/wp-json\/wp\/v2\/pages\/3980","targetHints":{"allow":["GET"]}}],"collection":[{"href":"https:\/\/robolive.info\/de\/wp-json\/wp\/v2\/pages"}],"about":[{"href":"https:\/\/robolive.info\/de\/wp-json\/wp\/v2\/types\/page"}],"author":[{"embeddable":true,"href":"https:\/\/robolive.info\/de\/wp-json\/wp\/v2\/users\/5"}],"replies":[{"embeddable":true,"href":"https:\/\/robolive.info\/de\/wp-json\/wp\/v2\/comments?post=3980"}],"version-history":[{"count":192,"href":"https:\/\/robolive.info\/de\/wp-json\/wp\/v2\/pages\/3980\/revisions"}],"predecessor-version":[{"id":13765,"href":"https:\/\/robolive.info\/de\/wp-json\/wp\/v2\/pages\/3980\/revisions\/13765"}],"wp:attachment":[{"href":"https:\/\/robolive.info\/de\/wp-json\/wp\/v2\/media?parent=3980"}],"curies":[{"name":"wp","href":"https:\/\/api.w.org\/{rel}","templated":true}]}}