{"id":3284,"date":"2021-11-04T09:55:27","date_gmt":"2021-11-04T09:55:27","guid":{"rendered":"https:\/\/robolive.info\/?page_id=3284"},"modified":"2026-02-20T07:51:57","modified_gmt":"2026-02-20T07:51:57","slug":"de-demo","status":"publish","type":"page","link":"https:\/\/robolive.info\/de\/de-demo\/","title":{"rendered":"Demo"},"content":{"rendered":"\t\t<div data-elementor-type=\"wp-page\" data-elementor-id=\"3284\" class=\"elementor elementor-3284\" data-elementor-post-type=\"page\">\n\t\t\t\t\t\t<section class=\"elementor-section elementor-top-section elementor-element elementor-element-6c56d5f9 elementor-section-height-min-height elementor-section-boxed elementor-section-height-default elementor-section-items-middle wpr-particle-no wpr-jarallax-no wpr-parallax-no wpr-sticky-section-no\" data-id=\"6c56d5f9\" data-element_type=\"section\" data-e-type=\"section\" data-settings=\"{&quot;background_background&quot;:&quot;classic&quot;}\">\n\t\t\t\t\t\t\t<div class=\"elementor-background-overlay\"><\/div>\n\t\t\t\t\t\t\t<div class=\"elementor-container elementor-column-gap-default\">\n\t\t\t\t\t<div class=\"elementor-column elementor-col-100 elementor-top-column elementor-element elementor-element-406ab388\" data-id=\"406ab388\" data-element_type=\"column\" data-e-type=\"column\">\n\t\t\t<div class=\"elementor-widget-wrap elementor-element-populated\">\n\t\t\t\t\t\t<div class=\"elementor-element elementor-element-29d2c467 elementor-widget elementor-widget-heading\" data-id=\"29d2c467\" data-element_type=\"widget\" data-e-type=\"widget\" data-widget_type=\"heading.default\">\n\t\t\t\t<div class=\"elementor-widget-container\">\n\t\t\t\t\t<h2 class=\"elementor-heading-title elementor-size-default\">Jetzt Demo anfordern<\/h2>\t\t\t\t<\/div>\n\t\t\t\t<\/div>\n\t\t\t\t<div class=\"elementor-element elementor-element-3e014216 elementor-widget__width-initial elementor-widget elementor-widget-text-editor\" data-id=\"3e014216\" data-element_type=\"widget\" data-e-type=\"widget\" data-widget_type=\"text-editor.default\">\n\t\t\t\t<div class=\"elementor-widget-container\">\n\t\t\t\t\t\t\t\t\tWenden Sie sich noch heute an unser Team, um eine pers\u00f6nliche Pr\u00e4sentation, eine Live-Demonstration oder einen Test-Download von RoboLive<sup>\u00ae<\/sup>.\t\t\t\t\t\t\t\t<\/div>\n\t\t\t\t<\/div>\n\t\t\t\t\t<\/div>\n\t\t<\/div>\n\t\t\t\t\t<\/div>\n\t\t<\/section>\n\t\t\t\t<section class=\"elementor-section elementor-top-section elementor-element elementor-element-4b46bc42 elementor-section-full_width elementor-section-height-min-height elementor-section-height-default elementor-section-items-middle wpr-particle-no wpr-jarallax-no wpr-parallax-no wpr-sticky-section-no\" data-id=\"4b46bc42\" data-element_type=\"section\" data-e-type=\"section\" data-settings=\"{&quot;background_background&quot;:&quot;classic&quot;}\">\n\t\t\t\t\t\t<div class=\"elementor-container elementor-column-gap-custom\">\n\t\t\t\t\t<div class=\"elementor-column elementor-col-25 elementor-top-column elementor-element elementor-element-69fa57e7\" data-id=\"69fa57e7\" data-element_type=\"column\" data-e-type=\"column\">\n\t\t\t<div class=\"elementor-widget-wrap\">\n\t\t\t\t\t\t\t<\/div>\n\t\t<\/div>\n\t\t\t\t<div class=\"elementor-column elementor-col-25 elementor-top-column elementor-element elementor-element-11cd562\" data-id=\"11cd562\" data-element_type=\"column\" data-e-type=\"column\">\n\t\t\t<div class=\"elementor-widget-wrap elementor-element-populated\">\n\t\t\t\t\t\t<div class=\"elementor-element elementor-element-45b3a4f9 elementor-widget elementor-widget-heading\" data-id=\"45b3a4f9\" data-element_type=\"widget\" data-e-type=\"widget\" data-widget_type=\"heading.default\">\n\t\t\t\t<div class=\"elementor-widget-container\">\n\t\t\t\t\t<h2 class=\"elementor-heading-title elementor-size-default\">KONTAKT:<\/h2>\t\t\t\t<\/div>\n\t\t\t\t<\/div>\n\t\t\t\t<div class=\"elementor-element elementor-element-18991e57 elementor-widget elementor-widget-text-editor\" data-id=\"18991e57\" data-element_type=\"widget\" data-e-type=\"widget\" data-widget_type=\"text-editor.default\">\n\t\t\t\t<div class=\"elementor-widget-container\">\n\t\t\t\t\t\t\t\t\t<p>Erz\u00e4hlen Sie uns ein wenig \u00fcber sich selbst, und wir werden Ihnen noch viel mehr \u00fcber uns erz\u00e4hlen.<\/p><p>Wir beantworten gerne alle Ihre Fragen zu RoboLive<sup>\u00ae<\/sup> oder vereinbaren direkt ein individuelles Beratungsgespr\u00e4ch. Nehmen Sie Kontakt mit uns auf, indem Sie das Formular ausf\u00fcllen oder Ihren eigenen Termin vereinbaren.<\/p>\t\t\t\t\t\t\t\t<\/div>\n\t\t\t\t<\/div>\n\t\t\t\t<div class=\"elementor-element elementor-element-1e5c9e7 elementor-widget elementor-widget-heading\" data-id=\"1e5c9e7\" data-element_type=\"widget\" data-e-type=\"widget\" data-widget_type=\"heading.default\">\n\t\t\t\t<div class=\"elementor-widget-container\">\n\t\t\t\t\t<h2 class=\"elementor-heading-title elementor-size-default\">AMERIKA<\/h2>\t\t\t\t<\/div>\n\t\t\t\t<\/div>\n\t\t\t\t<div class=\"elementor-element elementor-element-174269e7 elementor-widget elementor-widget-text-editor\" data-id=\"174269e7\" data-element_type=\"widget\" data-e-type=\"widget\" data-widget_type=\"text-editor.default\">\n\t\t\t\t<div class=\"elementor-widget-container\">\n\t\t\t\t\t\t\t\t\t<p>Dressler Automation Corp.<br>102 Jordan Drive, Chattanooga TN 37421<br>office@robolive.info<br>+1 (423) 509-0268<\/p>\t\t\t\t\t\t\t\t<\/div>\n\t\t\t\t<\/div>\n\t\t\t\t<div class=\"elementor-element elementor-element-62d2ec39 elementor-widget elementor-widget-heading\" data-id=\"62d2ec39\" data-element_type=\"widget\" data-e-type=\"widget\" data-widget_type=\"heading.default\">\n\t\t\t\t<div class=\"elementor-widget-container\">\n\t\t\t\t\t<h2 class=\"elementor-heading-title elementor-size-default\">EUROPA<\/h2>\t\t\t\t<\/div>\n\t\t\t\t<\/div>\n\t\t\t\t<div class=\"elementor-element elementor-element-53b8bc8e elementor-widget elementor-widget-text-editor\" data-id=\"53b8bc8e\" data-element_type=\"widget\" data-e-type=\"widget\" data-widget_type=\"text-editor.default\">\n\t\t\t\t<div class=\"elementor-widget-container\">\n\t\t\t\t\t\t\t\t\t<p>Dressler Automation GmbH<br \/>Braunschweiger Stra\u00dfe 20, 38170 Sch\u00f6ppenstedt, Deutschland<br \/>office@robolive.info<br \/>+49 (5332) 9306-0<\/p>\t\t\t\t\t\t\t\t<\/div>\n\t\t\t\t<\/div>\n\t\t\t\t\t<\/div>\n\t\t<\/div>\n\t\t\t\t<div class=\"elementor-column elementor-col-25 elementor-top-column elementor-element elementor-element-6e019c9d\" data-id=\"6e019c9d\" data-element_type=\"column\" data-e-type=\"column\">\n\t\t\t<div class=\"elementor-widget-wrap elementor-element-populated\">\n\t\t\t\t\t\t<div class=\"elementor-element elementor-element-cf23142 elementor-button-align-start elementor-tablet-button-align-start elementor-mobile-button-align-start elementor-widget elementor-widget-form\" data-id=\"cf23142\" data-element_type=\"widget\" data-e-type=\"widget\" data-settings=\"{&quot;step_next_label&quot;:&quot;Next&quot;,&quot;step_previous_label&quot;:&quot;Previous&quot;,&quot;button_width&quot;:&quot;100&quot;,&quot;step_type&quot;:&quot;number_text&quot;,&quot;step_icon_shape&quot;:&quot;circle&quot;}\" data-widget_type=\"form.default\">\n\t\t\t\t<div class=\"elementor-widget-container\">\n\t\t\t\t\t\t\t<form class=\"elementor-form\" method=\"post\" name=\"Kontakt\" aria-label=\"Kontakt\">\n\t\t\t<input type=\"hidden\" name=\"post_id\" value=\"3284\"\/>\n\t\t\t<input type=\"hidden\" name=\"form_id\" value=\"cf23142\"\/>\n\t\t\t<input type=\"hidden\" name=\"referer_title\" value=\"Demo | RoboLive\u00ae\" \/>\n\n\t\t\t\t\t\t\t<input type=\"hidden\" name=\"queried_id\" value=\"3284\"\/>\n\t\t\t\n\t\t\t<div class=\"elementor-form-fields-wrapper elementor-labels-above\">\n\t\t\t\t\t\t\t\t<div class=\"elementor-field-type-text elementor-field-group elementor-column elementor-field-group-name elementor-col-100 elementor-field-required elementor-mark-required\">\n\t\t\t\t\t\t\t\t\t\t\t\t<label for=\"form-field-name\" class=\"elementor-field-label\">\n\t\t\t\t\t\t\t\tName\t\t\t\t\t\t\t<\/label>\n\t\t\t\t\t\t\t\t\t\t\t\t\t\t<input size=\"1\" type=\"text\" name=\"form_fields[name]\" id=\"form-field-name\" class=\"elementor-field elementor-size-md  elementor-field-textual\" required=\"required\">\n\t\t\t\t\t\t\t\t\t\t\t<\/div>\n\t\t\t\t\t\t\t\t<div class=\"elementor-field-type-email elementor-field-group elementor-column elementor-field-group-email elementor-col-100 elementor-field-required elementor-mark-required\">\n\t\t\t\t\t\t\t\t\t\t\t\t<label for=\"form-field-email\" class=\"elementor-field-label\">\n\t\t\t\t\t\t\t\tE-Mail\t\t\t\t\t\t\t<\/label>\n\t\t\t\t\t\t\t\t\t\t\t\t\t\t<input size=\"1\" type=\"email\" name=\"form_fields[email]\" id=\"form-field-email\" class=\"elementor-field elementor-size-md  elementor-field-textual\" required=\"required\">\n\t\t\t\t\t\t\t\t\t\t\t<\/div>\n\t\t\t\t\t\t\t\t<div class=\"elementor-field-type-text elementor-field-group elementor-column elementor-field-group-field_1 elementor-col-100\">\n\t\t\t\t\t\t\t\t\t\t\t\t<label for=\"form-field-field_1\" class=\"elementor-field-label\">\n\t\t\t\t\t\t\t\tUnternehmen\t\t\t\t\t\t\t<\/label>\n\t\t\t\t\t\t\t\t\t\t\t\t\t\t<input size=\"1\" type=\"text\" name=\"form_fields[field_1]\" id=\"form-field-field_1\" class=\"elementor-field elementor-size-md  elementor-field-textual\">\n\t\t\t\t\t\t\t\t\t\t\t<\/div>\n\t\t\t\t\t\t\t\t<div class=\"elementor-field-type-select elementor-field-group elementor-column elementor-field-group-field_71c8304 elementor-col-100\">\n\t\t\t\t\t\t\t\t\t\t\t\t<label for=\"form-field-field_71c8304\" class=\"elementor-field-label\">\n\t\t\t\t\t\t\t\tAnwendung\t\t\t\t\t\t\t<\/label>\n\t\t\t\t\t\t\t\t<div class=\"elementor-field elementor-select-wrapper remove-before \">\n\t\t\t<div class=\"select-caret-down-wrapper\">\n\t\t\t\t<i aria-hidden=\"true\" class=\"eicon-caret-down\"><\/i>\t\t\t<\/div>\n\t\t\t<select name=\"form_fields[field_71c8304]\" id=\"form-field-field_71c8304\" class=\"elementor-field-textual elementor-size-md\">\n\t\t\t\t\t\t\t\t\t<option value=\"Betrieb\">Betrieb<\/option>\n\t\t\t\t\t\t\t\t\t<option value=\"Inbetriebnahme\">Inbetriebnahme<\/option>\n\t\t\t\t\t\t\t<\/select>\n\t\t<\/div>\n\t\t\t\t\t\t<\/div>\n\t\t\t\t\t\t\t\t<div class=\"elementor-field-type-checkbox elementor-field-group elementor-column elementor-field-group-field_094a3cb elementor-col-50\">\n\t\t\t\t\t\t\t\t\t\t\t\t<label for=\"form-field-field_094a3cb\" class=\"elementor-field-label\">\n\t\t\t\t\t\t\t\tIhr Interesse\t\t\t\t\t\t\t<\/label>\n\t\t\t\t\t\t<div class=\"elementor-field-subgroup  \"><span class=\"elementor-field-option\"><input type=\"checkbox\" value=\"Process Visualization\" id=\"form-field-field_094a3cb-0\" name=\"form_fields[field_094a3cb][]\"> <label for=\"form-field-field_094a3cb-0\">Process Visualization<\/label><\/span><span class=\"elementor-field-option\"><input type=\"checkbox\" value=\"Path Calibration\" id=\"form-field-field_094a3cb-1\" name=\"form_fields[field_094a3cb][]\"> <label for=\"form-field-field_094a3cb-1\">Path Calibration<\/label><\/span><span class=\"elementor-field-option\"><input type=\"checkbox\" value=\"Vehicle-0 Determination\" id=\"form-field-field_094a3cb-2\" name=\"form_fields[field_094a3cb][]\"> <label for=\"form-field-field_094a3cb-2\">Vehicle-0 Determination<\/label><\/span><span class=\"elementor-field-option\"><input type=\"checkbox\" value=\"Software Overview\" id=\"form-field-field_094a3cb-3\" name=\"form_fields[field_094a3cb][]\"> <label for=\"form-field-field_094a3cb-3\">Software Overview<\/label><\/span><span class=\"elementor-field-option\"><input type=\"checkbox\" value=\"Robot Documentation\" id=\"form-field-field_094a3cb-4\" name=\"form_fields[field_094a3cb][]\"> <label for=\"form-field-field_094a3cb-4\">Robot Documentation<\/label><\/span><\/div>\t\t\t\t<\/div>\n\t\t\t\t\t\t\t\t<div class=\"elementor-field-type-checkbox elementor-field-group elementor-column elementor-field-group-desires elementor-col-50\">\n\t\t\t\t\t\t\t\t\t\t\t\t<label for=\"form-field-desires\" class=\"elementor-field-label\">\n\t\t\t\t\t\t\t\tIhre Anfrage\t\t\t\t\t\t\t<\/label>\n\t\t\t\t\t\t<div class=\"elementor-field-subgroup  \"><span class=\"elementor-field-option\"><input type=\"checkbox\" value=\"Informationsmaterial\" id=\"form-field-desires-0\" name=\"form_fields[desires][]\"> <label for=\"form-field-desires-0\">Informationsmaterial<\/label><\/span><span class=\"elementor-field-option\"><input type=\"checkbox\" value=\"Demo (Softwaredownload)\" id=\"form-field-desires-1\" name=\"form_fields[desires][]\"> <label for=\"form-field-desires-1\">Demo (Softwaredownload)<\/label><\/span><span class=\"elementor-field-option\"><input type=\"checkbox\" value=\"Demo (Live-Pr\u00e4sentation)\" id=\"form-field-desires-2\" name=\"form_fields[desires][]\"> <label for=\"form-field-desires-2\">Demo (Live-Pr\u00e4sentation)<\/label><\/span><span class=\"elementor-field-option\"><input type=\"checkbox\" value=\"Weitere Fragen\" id=\"form-field-desires-3\" name=\"form_fields[desires][]\"> <label for=\"form-field-desires-3\">Weitere Fragen<\/label><\/span><\/div>\t\t\t\t<\/div>\n\t\t\t\t\t\t\t\t<div class=\"elementor-field-type-textarea elementor-field-group elementor-column elementor-field-group-message elementor-col-100\">\n\t\t\t\t\t\t\t\t\t\t\t\t<label for=\"form-field-message\" class=\"elementor-field-label\">\n\t\t\t\t\t\t\t\tMitteilung\t\t\t\t\t\t\t<\/label>\n\t\t\t\t\t\t<textarea class=\"elementor-field-textual elementor-field  elementor-size-md\" name=\"form_fields[message]\" id=\"form-field-message\" rows=\"4\" placeholder=\"Geben Sie hier Ihre Nachricht an das RoboLive\u00ae-Team ein.\"><\/textarea>\t\t\t\t<\/div>\n\t\t\t\t\t\t\t\t<div class=\"elementor-field-type-recaptcha elementor-field-group elementor-column elementor-field-group-field_60540bb elementor-col-100\">\n\t\t\t\t\t<div class=\"elementor-field\" id=\"form-field-field_60540bb\"><div class=\"elementor-g-recaptcha\" data-sitekey=\"6LdOBSMlAAAAANI1G8B1KMhmV0w_v13ZWdjgZEbp\" data-type=\"v2_checkbox\" data-theme=\"light\" data-size=\"normal\"><\/div><\/div>\t\t\t\t<\/div>\n\t\t\t\t\t\t\t\t<div class=\"elementor-field-group elementor-column elementor-field-type-submit elementor-col-100 e-form__buttons\">\n\t\t\t\t\t<button class=\"elementor-button elementor-size-md\" type=\"submit\">\n\t\t\t\t\t\t<span class=\"elementor-button-content-wrapper\">\n\t\t\t\t\t\t\t\t\t\t\t\t\t\t\t\t\t\t\t\t\t\t<span class=\"elementor-button-text\">Absenden<\/span>\n\t\t\t\t\t\t\t\t\t\t\t\t\t<\/span>\n\t\t\t\t\t<\/button>\n\t\t\t\t<\/div>\n\t\t\t<\/div>\n\t\t<\/form>\n\t\t\t\t\t\t<\/div>\n\t\t\t\t<\/div>\n\t\t\t\t\t<\/div>\n\t\t<\/div>\n\t\t\t\t<div class=\"elementor-column elementor-col-25 elementor-top-column elementor-element elementor-element-590598d2\" data-id=\"590598d2\" data-element_type=\"column\" data-e-type=\"column\">\n\t\t\t<div class=\"elementor-widget-wrap\">\n\t\t\t\t\t\t\t<\/div>\n\t\t<\/div>\n\t\t\t\t\t<\/div>\n\t\t<\/section>\n\t\t\t\t<\/div>\n\t\t","protected":false},"excerpt":{"rendered":"<p>Jetzt Demo anfordern Wenden Sie sich noch heute an unser Team, um eine pers\u00f6nliche Pr\u00e4sentation, eine Live-Demonstration oder einen Test-Download von RoboLive\u00ae. KONTAKT: Erz\u00e4hlen Sie uns ein wenig \u00fcber sich selbst, und wir werden Ihnen noch viel mehr \u00fcber uns erz\u00e4hlen. Wir beantworten gerne alle Ihre Fragen zu RoboLive\u00ae oder vereinbaren direkt ein individuelles Beratungsgespr\u00e4ch. Nehmen Sie Kontakt mit uns auf, indem Sie das Formular ausf\u00fcllen oder Ihren eigenen Termin vereinbaren. AMERIKA Dressler Automation Corp.102 Jordan Drive, Chattanooga TN 37421office@robolive.info+1 (423) 509-0268 EUROPA Dressler Automation GmbHBraunschweiger Stra\u00dfe 20, 38170 Sch\u00f6ppenstedt, Deutschlandoffice@robolive.info+49 (5332) 9306-0<\/p>\n","protected":false},"author":5,"featured_media":0,"parent":0,"menu_order":8,"comment_status":"closed","ping_status":"closed","template":"elementor_header_footer","meta":{"inline_featured_image":false,"footnotes":""},"class_list":["post-3284","page","type-page","status-publish","hentry"],"aioseo_notices":[],"_links":{"self":[{"href":"https:\/\/robolive.info\/de\/wp-json\/wp\/v2\/pages\/3284","targetHints":{"allow":["GET"]}}],"collection":[{"href":"https:\/\/robolive.info\/de\/wp-json\/wp\/v2\/pages"}],"about":[{"href":"https:\/\/robolive.info\/de\/wp-json\/wp\/v2\/types\/page"}],"author":[{"embeddable":true,"href":"https:\/\/robolive.info\/de\/wp-json\/wp\/v2\/users\/5"}],"replies":[{"embeddable":true,"href":"https:\/\/robolive.info\/de\/wp-json\/wp\/v2\/comments?post=3284"}],"version-history":[{"count":63,"href":"https:\/\/robolive.info\/de\/wp-json\/wp\/v2\/pages\/3284\/revisions"}],"predecessor-version":[{"id":15984,"href":"https:\/\/robolive.info\/de\/wp-json\/wp\/v2\/pages\/3284\/revisions\/15984"}],"wp:attachment":[{"href":"https:\/\/robolive.info\/de\/wp-json\/wp\/v2\/media?parent=3284"}],"curies":[{"name":"wp","href":"https:\/\/api.w.org\/{rel}","templated":true}]}}