{"id":13783,"date":"2025-01-08T15:48:32","date_gmt":"2025-01-08T15:48:32","guid":{"rendered":"https:\/\/robolive.info\/?page_id=13783"},"modified":"2025-01-08T15:48:33","modified_gmt":"2025-01-08T15:48:33","slug":"steuerungsanbindung","status":"publish","type":"page","link":"https:\/\/robolive.info\/de\/add-ons\/steuerungsanbindung\/","title":{"rendered":"Steuerungsanbindung"},"content":{"rendered":"\t\t<div data-elementor-type=\"wp-page\" data-elementor-id=\"13783\" class=\"elementor elementor-13783 elementor-13533\" data-elementor-post-type=\"page\">\n\t\t\t\t\t\t<section class=\"elementor-section elementor-top-section elementor-element elementor-element-c14571a elementor-section-full_width elementor-section-height-min-height elementor-section-items-stretch elementor-section-content-middle elementor-section-height-default wpr-particle-no wpr-jarallax-no wpr-parallax-no wpr-sticky-section-no\" data-id=\"c14571a\" data-element_type=\"section\" data-e-type=\"section\" data-settings=\"{&quot;background_background&quot;:&quot;classic&quot;,&quot;animation&quot;:&quot;none&quot;}\">\n\t\t\t\t\t\t\t<div class=\"elementor-background-overlay\"><\/div>\n\t\t\t\t\t\t\t<div class=\"elementor-container elementor-column-gap-no\">\n\t\t\t\t\t<div class=\"elementor-column elementor-col-33 elementor-top-column elementor-element elementor-element-28c71ff\" data-id=\"28c71ff\" data-element_type=\"column\" data-e-type=\"column\">\n\t\t\t<div class=\"elementor-widget-wrap\">\n\t\t\t\t\t\t\t<\/div>\n\t\t<\/div>\n\t\t\t\t<div class=\"elementor-column elementor-col-33 elementor-top-column elementor-element elementor-element-2eeb1b9\" data-id=\"2eeb1b9\" data-element_type=\"column\" data-e-type=\"column\">\n\t\t\t<div class=\"elementor-widget-wrap elementor-element-populated\">\n\t\t\t\t\t\t<div class=\"elementor-element elementor-element-080dbb6 elementor-widget__width-initial elementor-invisible elementor-widget elementor-widget-heading\" data-id=\"080dbb6\" data-element_type=\"widget\" data-e-type=\"widget\" data-settings=\"{&quot;_animation&quot;:&quot;fadeIn&quot;}\" data-widget_type=\"heading.default\">\n\t\t\t\t<div class=\"elementor-widget-container\">\n\t\t\t\t\t<h2 class=\"elementor-heading-title elementor-size-default\">STEUERUNGSANBINDUNG<\/h2>\t\t\t\t<\/div>\n\t\t\t\t<\/div>\n\t\t\t\t<div class=\"elementor-element elementor-element-16a26e6 elementor-align-left elementor-widget elementor-widget-raven-breadcrumbs\" data-id=\"16a26e6\" data-element_type=\"widget\" data-e-type=\"widget\" data-widget_type=\"raven-breadcrumbs.default\">\n\t\t\t\t<div class=\"elementor-widget-container\">\n\t\t\t\t\t<div class=\"raven-breadcrumbs raven-breadcrumbs-default\"><div class=\"breadcrumb\">\t\t\t\t<div class=\"breadcrumb-item active\" aria-current=\"page\"><span>Home<\/span><\/div>\n\n\t\t\t\t<\/div><\/div>\t\t\t\t<\/div>\n\t\t\t\t<\/div>\n\t\t\t\t\t<\/div>\n\t\t<\/div>\n\t\t\t\t<div class=\"elementor-column elementor-col-33 elementor-top-column elementor-element elementor-element-80ce1f3\" data-id=\"80ce1f3\" data-element_type=\"column\" data-e-type=\"column\">\n\t\t\t<div class=\"elementor-widget-wrap\">\n\t\t\t\t\t\t\t<\/div>\n\t\t<\/div>\n\t\t\t\t\t<\/div>\n\t\t<\/section>\n\t\t\t\t<section class=\"elementor-section elementor-top-section elementor-element elementor-element-0603039 elementor-section-full_width elementor-section-height-min-height elementor-section-height-default elementor-section-items-middle wpr-particle-no wpr-jarallax-no wpr-parallax-no wpr-sticky-section-no\" data-id=\"0603039\" data-element_type=\"section\" data-e-type=\"section\" data-settings=\"{&quot;background_background&quot;:&quot;classic&quot;}\">\n\t\t\t\t\t\t<div class=\"elementor-container elementor-column-gap-custom\">\n\t\t\t\t\t<div class=\"elementor-column elementor-col-25 elementor-top-column elementor-element elementor-element-f15f617\" data-id=\"f15f617\" data-element_type=\"column\" data-e-type=\"column\">\n\t\t\t<div class=\"elementor-widget-wrap\">\n\t\t\t\t\t\t\t<\/div>\n\t\t<\/div>\n\t\t\t\t<div class=\"elementor-column elementor-col-25 elementor-top-column elementor-element elementor-element-ee65543\" data-id=\"ee65543\" data-element_type=\"column\" data-e-type=\"column\">\n\t\t\t<div class=\"elementor-widget-wrap elementor-element-populated\">\n\t\t\t\t\t\t<div class=\"elementor-element elementor-element-ee8dd1e elementor-widget elementor-widget-image\" data-id=\"ee8dd1e\" data-element_type=\"widget\" data-e-type=\"widget\" data-widget_type=\"image.default\">\n\t\t\t\t<div class=\"elementor-widget-container\">\n\t\t\t\t\t\t\t\t\t\t\t\t\t\t\t<img fetchpriority=\"high\" decoding=\"async\" width=\"1024\" height=\"684\" src=\"https:\/\/robolive.info\/wp-content\/uploads\/2024\/04\/weld-thingy-1024x684.png\" class=\"attachment-large size-large wp-image-11875\" alt=\"\" srcset=\"https:\/\/robolive.info\/wp-content\/uploads\/2024\/04\/weld-thingy-1024x684.png 1024w, https:\/\/robolive.info\/wp-content\/uploads\/2024\/04\/weld-thingy-300x201.png 300w, https:\/\/robolive.info\/wp-content\/uploads\/2024\/04\/weld-thingy-768x513.png 768w, https:\/\/robolive.info\/wp-content\/uploads\/2024\/04\/weld-thingy-1536x1027.png 1536w, https:\/\/robolive.info\/wp-content\/uploads\/2024\/04\/weld-thingy.png 1930w\" sizes=\"(max-width: 1024px) 100vw, 1024px\" \/>\t\t\t\t\t\t\t\t\t\t\t\t\t\t\t<\/div>\n\t\t\t\t<\/div>\n\t\t\t\t\t<\/div>\n\t\t<\/div>\n\t\t\t\t<div class=\"elementor-column elementor-col-25 elementor-top-column elementor-element elementor-element-29ccfe5\" data-id=\"29ccfe5\" data-element_type=\"column\" data-e-type=\"column\">\n\t\t\t<div class=\"elementor-widget-wrap elementor-element-populated\">\n\t\t\t\t\t\t<div class=\"elementor-element elementor-element-31f345e elementor-widget elementor-widget-heading\" data-id=\"31f345e\" data-element_type=\"widget\" data-e-type=\"widget\" data-widget_type=\"heading.default\">\n\t\t\t\t<div class=\"elementor-widget-container\">\n\t\t\t\t\t<h2 class=\"elementor-heading-title elementor-size-default\"><span style=\"font-size: 56px\">\u00dcberblicken Sie noch mehr Schwei\u00dfdaten! <\/span><\/h2>\t\t\t\t<\/div>\n\t\t\t\t<\/div>\n\t\t\t\t<div class=\"elementor-element elementor-element-1cc1460 elementor-widget elementor-widget-text-editor\" data-id=\"1cc1460\" data-element_type=\"widget\" data-e-type=\"widget\" data-widget_type=\"text-editor.default\">\n\t\t\t\t<div class=\"elementor-widget-container\">\n\t\t\t\t\t\t\t\t\t<p>Mit dem RoboLive<sup>\u00ae<\/sup> Visual Client k\u00f6comes with information from your production robots: Prozess-IDs, Programmnummern, zust\u00e4ndige Roboter und so weiter. Dem dem Add-on Steuerungsanbindung erhalten Sie einen noch tiefer gehenden Einblick in Ihre Schwei\u00dfprozesse.<span style=\"color: var( --e-global-color-text ); background-color: rgba(255, 255, 255, 0);\">&nbsp;<\/span><\/p>\r\n<p>Die Steuerungsbindung zieht Daten \u00fcber den Schwei\u00dfcomputer direkt aus den Schwei\u00dfsteuerungen und verkn\u00fcpft diese mit all den bereits vorhandenen Soll- und Ist-Daten Ihrer F\u00fcgeprozesse. Dazu geh\u00f6ren bspw.:<\/p>\r\n<p>&#8211; Schwei\u00dfkraft<br>&#8211; Schwei\u00dfzeit<br>&#8211; Teiledicke<br>&#8211; Und weiteres<\/p><p>Dadurch k\u00f6nnen Sie auch die \u00c4nderungen an den Schwei\u00dfparametern nachvollziehen, Fehler noch besser analysieren und ein noch besseres Verst\u00e4ndnis \u00fcber Ihre Schwei\u00dfprozesse erhalten.<\/p>\t\t\t\t\t\t\t\t<\/div>\n\t\t\t\t<\/div>\n\t\t\t\t\t<\/div>\n\t\t<\/div>\n\t\t\t\t<div class=\"elementor-column elementor-col-25 elementor-top-column elementor-element elementor-element-8d6fdb4\" data-id=\"8d6fdb4\" data-element_type=\"column\" data-e-type=\"column\">\n\t\t\t<div class=\"elementor-widget-wrap\">\n\t\t\t\t\t\t\t<\/div>\n\t\t<\/div>\n\t\t\t\t\t<\/div>\n\t\t<\/section>\n\t\t\t\t<section class=\"elementor-section elementor-top-section elementor-element elementor-element-b9341d5 elementor-section-full_width elementor-section-height-default elementor-section-height-default wpr-particle-no wpr-jarallax-no wpr-parallax-no wpr-sticky-section-no\" data-id=\"b9341d5\" data-element_type=\"section\" data-e-type=\"section\">\n\t\t\t\t\t\t<div class=\"elementor-container elementor-column-gap-default\">\n\t\t\t\t\t<div class=\"elementor-column elementor-col-100 elementor-top-column elementor-element elementor-element-52ed5ee\" data-id=\"52ed5ee\" data-element_type=\"column\" data-e-type=\"column\">\n\t\t\t<div class=\"elementor-widget-wrap elementor-element-populated\">\n\t\t\t\t\t\t<div class=\"elementor-element elementor-element-018f93d elementor-widget elementor-widget-image\" data-id=\"018f93d\" data-element_type=\"widget\" data-e-type=\"widget\" data-widget_type=\"image.default\">\n\t\t\t\t<div class=\"elementor-widget-container\">\n\t\t\t\t\t\t\t\t\t\t\t\t\t\t\t<img decoding=\"async\" width=\"3072\" height=\"950\" src=\"https:\/\/robolive.info\/wp-content\/uploads\/2024\/02\/recolor-divider.png\" class=\"attachment-full size-full wp-image-11512\" alt=\"\" srcset=\"https:\/\/robolive.info\/wp-content\/uploads\/2024\/02\/recolor-divider.png 3072w, https:\/\/robolive.info\/wp-content\/uploads\/2024\/02\/recolor-divider-300x93.png 300w, https:\/\/robolive.info\/wp-content\/uploads\/2024\/02\/recolor-divider-1024x317.png 1024w, https:\/\/robolive.info\/wp-content\/uploads\/2024\/02\/recolor-divider-768x238.png 768w, https:\/\/robolive.info\/wp-content\/uploads\/2024\/02\/recolor-divider-1536x475.png 1536w, https:\/\/robolive.info\/wp-content\/uploads\/2024\/02\/recolor-divider-2048x633.png 2048w\" sizes=\"(max-width: 3072px) 100vw, 3072px\" \/>\t\t\t\t\t\t\t\t\t\t\t\t\t\t\t<\/div>\n\t\t\t\t<\/div>\n\t\t\t\t\t<\/div>\n\t\t<\/div>\n\t\t\t\t\t<\/div>\n\t\t<\/section>\n\t\t\t\t<section class=\"elementor-section elementor-top-section elementor-element elementor-element-9037277 elementor-section-full_width elementor-section-height-min-height elementor-section-height-default elementor-section-items-middle wpr-particle-no wpr-jarallax-no wpr-parallax-no wpr-sticky-section-no\" data-id=\"9037277\" data-element_type=\"section\" data-e-type=\"section\" data-settings=\"{&quot;background_background&quot;:&quot;classic&quot;}\">\n\t\t\t\t\t\t<div class=\"elementor-container elementor-column-gap-custom\">\n\t\t\t\t\t<div class=\"elementor-column elementor-col-25 elementor-top-column elementor-element elementor-element-9b232e4\" data-id=\"9b232e4\" data-element_type=\"column\" data-e-type=\"column\">\n\t\t\t<div class=\"elementor-widget-wrap\">\n\t\t\t\t\t\t\t<\/div>\n\t\t<\/div>\n\t\t\t\t<div class=\"elementor-column elementor-col-25 elementor-top-column elementor-element elementor-element-22007a5\" data-id=\"22007a5\" data-element_type=\"column\" data-e-type=\"column\">\n\t\t\t<div class=\"elementor-widget-wrap elementor-element-populated\">\n\t\t\t\t\t\t<div class=\"elementor-element elementor-element-ab01bc1 elementor-widget elementor-widget-heading\" data-id=\"ab01bc1\" data-element_type=\"widget\" data-e-type=\"widget\" data-widget_type=\"heading.default\">\n\t\t\t\t<div class=\"elementor-widget-container\">\n\t\t\t\t\t<h2 class=\"elementor-heading-title elementor-size-default\"><span style=\"font-size: 56px\">Profitieren Sie ohne gro\u00dfes Zutun.<\/span><\/h2>\t\t\t\t<\/div>\n\t\t\t\t<\/div>\n\t\t\t\t<div class=\"elementor-element elementor-element-ccb6bf4 elementor-widget elementor-widget-text-editor\" data-id=\"ccb6bf4\" data-element_type=\"widget\" data-e-type=\"widget\" data-widget_type=\"text-editor.default\">\n\t\t\t\t<div class=\"elementor-widget-container\">\n\t\t\t\t\t\t\t\t\t<p>Das Add-on Steuerungsanbindung f\u00fcgt sich nahtlos in bestehende RoboLive<sup>\u00ae<\/sup>-Projekte ein und ist mit den meisten g\u00e4ngigen Schwei\u00dfsteuerungen kompatibel.<\/p>\n<p>Es bedarf keines zus\u00e4tzlichen Aufwands ihrerseits: entweder werden die Daten f\u00fcr Sie w\u00f6chentlich via RoboLive<sup>\u00ae<\/sup> Service oder automatisch schichtweise via RoboLive<sup>\u00ae<\/sup> Server in Ihr System eingespielt.<\/p>\n\t\t\t\t\t\t\t\t<\/div>\n\t\t\t\t<\/div>\n\t\t\t\t\t<\/div>\n\t\t<\/div>\n\t\t\t\t<div class=\"elementor-column elementor-col-25 elementor-top-column elementor-element elementor-element-c428dd0\" data-id=\"c428dd0\" data-element_type=\"column\" data-e-type=\"column\">\n\t\t\t<div class=\"elementor-widget-wrap elementor-element-populated\">\n\t\t\t\t\t\t<div class=\"elementor-element elementor-element-61c9f9b elementor-widget elementor-widget-image\" data-id=\"61c9f9b\" data-element_type=\"widget\" data-e-type=\"widget\" data-widget_type=\"image.default\">\n\t\t\t\t<div class=\"elementor-widget-container\">\n\t\t\t\t\t\t\t\t\t\t\t\t\t\t\t<img decoding=\"async\" width=\"880\" height=\"540\" src=\"https:\/\/robolive.info\/wp-content\/uploads\/2024\/12\/weld-timer.png\" class=\"attachment-large size-large wp-image-13912\" alt=\"\" srcset=\"https:\/\/robolive.info\/wp-content\/uploads\/2024\/12\/weld-timer.png 880w, https:\/\/robolive.info\/wp-content\/uploads\/2024\/12\/weld-timer-300x184.png 300w, https:\/\/robolive.info\/wp-content\/uploads\/2024\/12\/weld-timer-768x471.png 768w\" sizes=\"(max-width: 880px) 100vw, 880px\" \/>\t\t\t\t\t\t\t\t\t\t\t\t\t\t\t<\/div>\n\t\t\t\t<\/div>\n\t\t\t\t\t<\/div>\n\t\t<\/div>\n\t\t\t\t<div class=\"elementor-column elementor-col-25 elementor-top-column elementor-element elementor-element-8a83f40\" data-id=\"8a83f40\" data-element_type=\"column\" data-e-type=\"column\">\n\t\t\t<div class=\"elementor-widget-wrap\">\n\t\t\t\t\t\t\t<\/div>\n\t\t<\/div>\n\t\t\t\t\t<\/div>\n\t\t<\/section>\n\t\t\t\t<section class=\"elementor-section elementor-top-section elementor-element elementor-element-67d270b elementor-section-full_width elementor-section-content-middle elementor-section-height-min-height elementor-section-items-stretch elementor-section-height-default wpr-particle-no wpr-jarallax-no wpr-parallax-no wpr-sticky-section-no\" data-id=\"67d270b\" data-element_type=\"section\" data-e-type=\"section\" data-settings=\"{&quot;background_background&quot;:&quot;classic&quot;}\">\n\t\t\t\t\t\t\t<div class=\"elementor-background-overlay\"><\/div>\n\t\t\t\t\t\t\t<div class=\"elementor-container elementor-column-gap-custom\">\n\t\t\t\t\t<div class=\"elementor-column elementor-col-25 elementor-top-column elementor-element elementor-element-53369bd\" data-id=\"53369bd\" data-element_type=\"column\" data-e-type=\"column\" data-settings=\"{&quot;background_background&quot;:&quot;classic&quot;}\">\n\t\t\t<div class=\"elementor-widget-wrap\">\n\t\t\t\t\t\t\t<\/div>\n\t\t<\/div>\n\t\t\t\t<div class=\"elementor-column elementor-col-25 elementor-top-column elementor-element elementor-element-6577dca\" data-id=\"6577dca\" data-element_type=\"column\" data-e-type=\"column\" data-settings=\"{&quot;background_background&quot;:&quot;classic&quot;}\">\n\t\t\t<div class=\"elementor-widget-wrap elementor-element-populated\">\n\t\t\t\t\t\t<div class=\"elementor-element elementor-element-fb8a339 elementor-widget elementor-widget-heading\" data-id=\"fb8a339\" data-element_type=\"widget\" data-e-type=\"widget\" data-widget_type=\"heading.default\">\n\t\t\t\t<div class=\"elementor-widget-container\">\n\t\t\t\t\t<h2 class=\"elementor-heading-title elementor-size-default\">TERMIN ANFRAGEN<\/h2>\t\t\t\t<\/div>\n\t\t\t\t<\/div>\n\t\t\t\t<div class=\"elementor-element elementor-element-b2a5ba5 elementor-widget elementor-widget-text-editor\" data-id=\"b2a5ba5\" data-element_type=\"widget\" data-e-type=\"widget\" data-widget_type=\"text-editor.default\">\n\t\t\t\t<div class=\"elementor-widget-container\">\n\t\t\t\t\t\t\t\t\t<p>\u00dcberzeuge Sie sich noch heute von RoboLive<sup>\u00ae<\/sup>. Sehr gerne erz\u00e4hlen wir Ihnen mehr dar\u00fcber oder stellen kundenspezifische Demo-Installer zur Verf\u00fcgung.<\/p>\n\t\t\t\t\t\t\t\t<\/div>\n\t\t\t\t<\/div>\n\t\t\t\t\t<\/div>\n\t\t<\/div>\n\t\t\t\t<div class=\"elementor-column elementor-col-25 elementor-top-column elementor-element elementor-element-a4b4f1d\" data-id=\"a4b4f1d\" data-element_type=\"column\" data-e-type=\"column\" data-settings=\"{&quot;background_background&quot;:&quot;classic&quot;}\">\n\t\t\t<div class=\"elementor-widget-wrap elementor-element-populated\">\n\t\t\t\t\t\t<div class=\"elementor-element elementor-element-5a75309 elementor-button-align-center elementor-tablet-button-align-start elementor-widget elementor-widget-form\" data-id=\"5a75309\" data-element_type=\"widget\" data-e-type=\"widget\" data-settings=\"{&quot;step_next_label&quot;:&quot;Weiter&quot;,&quot;step_previous_label&quot;:&quot;Zur\\u00fcck&quot;,&quot;button_width&quot;:&quot;100&quot;,&quot;step_type&quot;:&quot;number_text&quot;,&quot;step_icon_shape&quot;:&quot;circle&quot;}\" data-widget_type=\"form.default\">\n\t\t\t\t<div class=\"elementor-widget-container\">\n\t\t\t\t\t\t\t<form class=\"elementor-form\" method=\"post\" name=\"contact\" aria-label=\"contact\">\n\t\t\t<input type=\"hidden\" name=\"post_id\" value=\"13783\"\/>\n\t\t\t<input type=\"hidden\" name=\"form_id\" value=\"5a75309\"\/>\n\t\t\t<input type=\"hidden\" name=\"referer_title\" value=\"Steuerungsanbindung | RoboLive\u00ae\" \/>\n\n\t\t\t\t\t\t\t<input type=\"hidden\" name=\"queried_id\" value=\"13783\"\/>\n\t\t\t\n\t\t\t<div class=\"elementor-form-fields-wrapper elementor-labels-above\">\n\t\t\t\t\t\t\t\t<div class=\"elementor-field-type-text elementor-field-group elementor-column elementor-field-group-name elementor-col-100 elementor-field-required\">\n\t\t\t\t\t\t\t\t\t\t\t\t<label for=\"form-field-name\" class=\"elementor-field-label\">\n\t\t\t\t\t\t\t\tName\t\t\t\t\t\t\t<\/label>\n\t\t\t\t\t\t\t\t\t\t\t\t\t\t<input size=\"1\" type=\"text\" name=\"form_fields[name]\" id=\"form-field-name\" class=\"elementor-field elementor-size-md  elementor-field-textual\" placeholder=\"Vorname Nachname\" required=\"required\">\n\t\t\t\t\t\t\t\t\t\t\t<\/div>\n\t\t\t\t\t\t\t\t<div class=\"elementor-field-type-email elementor-field-group elementor-column elementor-field-group-email elementor-col-100 elementor-field-required\">\n\t\t\t\t\t\t\t\t\t\t\t\t<label for=\"form-field-email\" class=\"elementor-field-label\">\n\t\t\t\t\t\t\t\tE-Mail\t\t\t\t\t\t\t<\/label>\n\t\t\t\t\t\t\t\t\t\t\t\t\t\t<input size=\"1\" type=\"email\" name=\"form_fields[email]\" id=\"form-field-email\" class=\"elementor-field elementor-size-md  elementor-field-textual\" placeholder=\"name@email.com\" required=\"required\">\n\t\t\t\t\t\t\t\t\t\t\t<\/div>\n\t\t\t\t\t\t\t\t<div class=\"elementor-field-type-select elementor-field-group elementor-column elementor-field-group-field_9b2819d elementor-col-100\">\n\t\t\t\t\t\t\t\t\t\t\t\t<label for=\"form-field-field_9b2819d\" class=\"elementor-field-label\">\n\t\t\t\t\t\t\t\tAnwendungsfall\t\t\t\t\t\t\t<\/label>\n\t\t\t\t\t\t\t\t<div class=\"elementor-field elementor-select-wrapper remove-before \">\n\t\t\t<div class=\"select-caret-down-wrapper\">\n\t\t\t\t<i aria-hidden=\"true\" class=\"eicon-caret-down\"><\/i>\t\t\t<\/div>\n\t\t\t<select name=\"form_fields[field_9b2819d]\" id=\"form-field-field_9b2819d\" class=\"elementor-field-textual elementor-size-md\">\n\t\t\t\t\t\t\t\t\t<option value=\"Inbetriebnehmer\">Inbetriebnehmer<\/option>\n\t\t\t\t\t\t\t\t\t<option value=\"Hersteller\">Hersteller<\/option>\n\t\t\t\t\t\t\t<\/select>\n\t\t<\/div>\n\t\t\t\t\t\t<\/div>\n\t\t\t\t\t\t\t\t<div class=\"elementor-field-type-textarea elementor-field-group elementor-column elementor-field-group-message elementor-col-100\">\n\t\t\t\t\t\t\t\t\t\t\t\t<label for=\"form-field-message\" class=\"elementor-field-label\">\n\t\t\t\t\t\t\t\tNachricht\t\t\t\t\t\t\t<\/label>\n\t\t\t\t\t\t<textarea class=\"elementor-field-textual elementor-field  elementor-size-md\" name=\"form_fields[message]\" id=\"form-field-message\" rows=\"4\" placeholder=\"Was ich noch sagen wollte...\"><\/textarea>\t\t\t\t<\/div>\n\t\t\t\t\t\t\t\t<div class=\"elementor-field-type-recaptcha_v3 elementor-field-group elementor-column elementor-field-group-field_eeab9ab elementor-col-100 recaptcha_v3-bottomright\">\n\t\t\t\t\t<div class=\"elementor-field\" id=\"form-field-field_eeab9ab\"><div class=\"elementor-g-recaptcha\" data-sitekey=\"6Lc_8-opAAAAANARadKNhnB4BBWsZi6c2FHMZrOO\" data-type=\"v3\" data-action=\"Form\" data-badge=\"bottomright\" data-size=\"invisible\"><\/div><\/div>\t\t\t\t<\/div>\n\t\t\t\t\t\t\t\t<div class=\"elementor-field-group elementor-column elementor-field-type-submit elementor-col-100 e-form__buttons\">\n\t\t\t\t\t<button class=\"elementor-button elementor-size-md\" type=\"submit\">\n\t\t\t\t\t\t<span class=\"elementor-button-content-wrapper\">\n\t\t\t\t\t\t\t\t\t\t\t\t\t\t\t\t\t\t\t\t\t\t<span class=\"elementor-button-text\">Absenden<\/span>\n\t\t\t\t\t\t\t\t\t\t\t\t\t<\/span>\n\t\t\t\t\t<\/button>\n\t\t\t\t<\/div>\n\t\t\t<\/div>\n\t\t<\/form>\n\t\t\t\t\t\t<\/div>\n\t\t\t\t<\/div>\n\t\t\t\t\t<\/div>\n\t\t<\/div>\n\t\t\t\t<div class=\"elementor-column elementor-col-25 elementor-top-column elementor-element elementor-element-16c4b9d\" data-id=\"16c4b9d\" data-element_type=\"column\" data-e-type=\"column\" data-settings=\"{&quot;background_background&quot;:&quot;classic&quot;}\">\n\t\t\t<div class=\"elementor-widget-wrap\">\n\t\t\t\t\t\t\t<\/div>\n\t\t<\/div>\n\t\t\t\t\t<\/div>\n\t\t<\/section>\n\t\t\t\t<\/div>\n\t\t","protected":false},"excerpt":{"rendered":"<p>STEUERUNGSANBINDUNG Home \u00dcberblicken Sie noch mehr Schwei\u00dfdaten! Mit dem RoboLive\u00ae Visual Client k\u00f6comes with information from your production robots: Prozess-IDs, Programmnummern, zust\u00e4ndige Roboter und so weiter. Dem dem Add-on Steuerungsanbindung erhalten Sie einen noch tiefer gehenden Einblick in Ihre Schwei\u00dfprozesse.&nbsp; Die Steuerungsbindung zieht Daten \u00fcber den Schwei\u00dfcomputer direkt aus den Schwei\u00dfsteuerungen und verkn\u00fcpft diese mit all den bereits vorhandenen Soll- und Ist-Daten Ihrer F\u00fcgeprozesse. Dazu geh\u00f6ren bspw.: &#8211; Schwei\u00dfkraft&#8211; Schwei\u00dfzeit&#8211; Teiledicke&#8211; Und weiteres Dadurch k\u00f6nnen Sie auch die \u00c4nderungen an den Schwei\u00dfparametern nachvollziehen, Fehler noch besser analysieren und ein noch besseres Verst\u00e4ndnis \u00fcber Ihre Schwei\u00dfprozesse erhalten. Profitieren Sie ohne gro\u00dfes Zutun. Das Add-on Steuerungsanbindung f\u00fcgt sich nahtlos in bestehende RoboLive\u00ae-Projekte ein und ist mit den meisten g\u00e4ngigen Schwei\u00dfsteuerungen kompatibel. Es bedarf keines zus\u00e4tzlichen Aufwands ihrerseits: entweder werden die Daten f\u00fcr Sie w\u00f6chentlich via RoboLive\u00ae Service oder automatisch schichtweise via RoboLive\u00ae Server in Ihr System eingespielt. TERMIN ANFRAGEN \u00dcberzeuge Sie sich noch heute von RoboLive\u00ae. Sehr gerne erz\u00e4hlen wir Ihnen mehr dar\u00fcber oder stellen kundenspezifische Demo-Installer zur Verf\u00fcgung.<\/p>\n","protected":false},"author":7,"featured_media":0,"parent":14258,"menu_order":0,"comment_status":"closed","ping_status":"closed","template":"elementor_header_footer","meta":{"inline_featured_image":false,"footnotes":""},"class_list":["post-13783","page","type-page","status-publish","hentry"],"aioseo_notices":[],"_links":{"self":[{"href":"https:\/\/robolive.info\/de\/wp-json\/wp\/v2\/pages\/13783","targetHints":{"allow":["GET"]}}],"collection":[{"href":"https:\/\/robolive.info\/de\/wp-json\/wp\/v2\/pages"}],"about":[{"href":"https:\/\/robolive.info\/de\/wp-json\/wp\/v2\/types\/page"}],"author":[{"embeddable":true,"href":"https:\/\/robolive.info\/de\/wp-json\/wp\/v2\/users\/7"}],"replies":[{"embeddable":true,"href":"https:\/\/robolive.info\/de\/wp-json\/wp\/v2\/comments?post=13783"}],"version-history":[{"count":2,"href":"https:\/\/robolive.info\/de\/wp-json\/wp\/v2\/pages\/13783\/revisions"}],"predecessor-version":[{"id":13917,"href":"https:\/\/robolive.info\/de\/wp-json\/wp\/v2\/pages\/13783\/revisions\/13917"}],"up":[{"embeddable":true,"href":"https:\/\/robolive.info\/de\/wp-json\/wp\/v2\/pages\/14258"}],"wp:attachment":[{"href":"https:\/\/robolive.info\/de\/wp-json\/wp\/v2\/media?parent=13783"}],"curies":[{"name":"wp","href":"https:\/\/api.w.org\/{rel}","templated":true}]}}