{"id":12985,"date":"2025-01-10T14:13:09","date_gmt":"2025-01-10T14:13:09","guid":{"rendered":"https:\/\/robolive.info\/?page_id=12985"},"modified":"2025-01-16T20:01:57","modified_gmt":"2025-01-16T20:01:57","slug":"ausschuss-und-rueckruf","status":"publish","type":"page","link":"https:\/\/robolive.info\/de\/loesungen\/taegliche-herausforderungen\/ausschuss-und-rueckruf\/","title":{"rendered":"Ausschuss und R\u00fcckruf"},"content":{"rendered":"\t\t<div data-elementor-type=\"wp-page\" data-elementor-id=\"12985\" class=\"elementor elementor-12985 elementor-12811\" data-elementor-post-type=\"page\">\n\t\t\t\t\t\t<section class=\"elementor-section elementor-top-section elementor-element elementor-element-ee8a980 elementor-section-full_width elementor-section-height-min-height elementor-section-items-stretch elementor-section-content-middle elementor-section-height-default wpr-particle-no wpr-jarallax-no wpr-parallax-no wpr-sticky-section-no\" data-id=\"ee8a980\" data-element_type=\"section\" data-e-type=\"section\" data-settings=\"{&quot;background_background&quot;:&quot;classic&quot;,&quot;animation&quot;:&quot;none&quot;}\">\n\t\t\t\t\t\t\t<div class=\"elementor-background-overlay\"><\/div>\n\t\t\t\t\t\t\t<div class=\"elementor-container elementor-column-gap-no\">\n\t\t\t\t\t<div class=\"elementor-column elementor-col-33 elementor-top-column elementor-element elementor-element-3d17ead\" data-id=\"3d17ead\" data-element_type=\"column\" data-e-type=\"column\">\n\t\t\t<div class=\"elementor-widget-wrap\">\n\t\t\t\t\t\t\t<\/div>\n\t\t<\/div>\n\t\t\t\t<div class=\"elementor-column elementor-col-33 elementor-top-column elementor-element elementor-element-7cf5455\" data-id=\"7cf5455\" data-element_type=\"column\" data-e-type=\"column\">\n\t\t\t<div class=\"elementor-widget-wrap elementor-element-populated\">\n\t\t\t\t\t\t<div class=\"elementor-element elementor-element-d9d2913 elementor-widget__width-initial elementor-invisible elementor-widget elementor-widget-heading\" data-id=\"d9d2913\" data-element_type=\"widget\" data-e-type=\"widget\" data-settings=\"{&quot;_animation&quot;:&quot;fadeIn&quot;}\" data-widget_type=\"heading.default\">\n\t\t\t\t<div class=\"elementor-widget-container\">\n\t\t\t\t\t<h2 class=\"elementor-heading-title elementor-size-default\">BEUGEN SIE AUSSCHUSS UND R\u00dcCKRUFEN VOR!<\/h2>\t\t\t\t<\/div>\n\t\t\t\t<\/div>\n\t\t\t\t<div class=\"elementor-element elementor-element-b89390b elementor-align-left elementor-widget elementor-widget-raven-breadcrumbs\" data-id=\"b89390b\" data-element_type=\"widget\" data-e-type=\"widget\" data-widget_type=\"raven-breadcrumbs.default\">\n\t\t\t\t<div class=\"elementor-widget-container\">\n\t\t\t\t\t<div class=\"raven-breadcrumbs raven-breadcrumbs-default\"><div class=\"breadcrumb\">\t\t\t\t<div class=\"breadcrumb-item active\" aria-current=\"page\"><span>Home<\/span><\/div>\n\n\t\t\t\t<\/div><\/div>\t\t\t\t<\/div>\n\t\t\t\t<\/div>\n\t\t\t\t\t<\/div>\n\t\t<\/div>\n\t\t\t\t<div class=\"elementor-column elementor-col-33 elementor-top-column elementor-element elementor-element-978063e\" data-id=\"978063e\" data-element_type=\"column\" data-e-type=\"column\">\n\t\t\t<div class=\"elementor-widget-wrap\">\n\t\t\t\t\t\t\t<\/div>\n\t\t<\/div>\n\t\t\t\t\t<\/div>\n\t\t<\/section>\n\t\t\t\t<section class=\"elementor-section elementor-top-section elementor-element elementor-element-2fbab6b elementor-section-full_width elementor-section-height-min-height elementor-section-height-default elementor-section-items-middle wpr-particle-no wpr-jarallax-no wpr-parallax-no wpr-sticky-section-no\" data-id=\"2fbab6b\" data-element_type=\"section\" data-e-type=\"section\" data-settings=\"{&quot;background_background&quot;:&quot;classic&quot;}\">\n\t\t\t\t\t\t<div class=\"elementor-container elementor-column-gap-custom\">\n\t\t\t\t\t<div class=\"elementor-column elementor-col-25 elementor-top-column elementor-element elementor-element-d9b747d\" data-id=\"d9b747d\" data-element_type=\"column\" data-e-type=\"column\">\n\t\t\t<div class=\"elementor-widget-wrap\">\n\t\t\t\t\t\t\t<\/div>\n\t\t<\/div>\n\t\t\t\t<div class=\"elementor-column elementor-col-25 elementor-top-column elementor-element elementor-element-cd357a7\" data-id=\"cd357a7\" data-element_type=\"column\" data-e-type=\"column\">\n\t\t\t<div class=\"elementor-widget-wrap elementor-element-populated\">\n\t\t\t\t\t\t<div class=\"elementor-element elementor-element-fa93cf5 elementor-widget elementor-widget-heading\" data-id=\"fa93cf5\" data-element_type=\"widget\" data-e-type=\"widget\" data-widget_type=\"heading.default\">\n\t\t\t\t<div class=\"elementor-widget-container\">\n\t\t\t\t\t<h2 class=\"elementor-heading-title elementor-size-default\">REAGIEREN SIE FR\u00dcHZEITIG AUF PRODUKTIONSFEHLER<\/h2>\t\t\t\t<\/div>\n\t\t\t\t<\/div>\n\t\t\t\t<div class=\"elementor-element elementor-element-8664ba6 elementor-widget elementor-widget-text-editor\" data-id=\"8664ba6\" data-element_type=\"widget\" data-e-type=\"widget\" data-widget_type=\"text-editor.default\">\n\t\t\t\t<div class=\"elementor-widget-container\">\n\t\t\t\t\t\t\t\t\t<p>In komplexen Karosseriebetrieben fallen fehlerhafte F\u00fcgeprozesse meist erst bei der stichprobenartigen Qualit\u00e4tskontrolle auf. Wenn das Bauteil schon produziert worden ist. Das f\u00fchrt zu Nacharbeit, Ausschuss und im schlimmsten Fall R\u00fcckrufen.<\/p>\n<p>RoboLive<sup>\u00ae<\/sup> jedoch analysiert regelm\u00e4\u00dfig s\u00e4mtliche Roboterdaten, warnt bei kritischen Problemen wie fehlenden Schwei\u00dfpunkten und visualisiert die Fehlerursache. Bevor das Bauteil produziert wird!<\/p>\n\t\t\t\t\t\t\t\t<\/div>\n\t\t\t\t<\/div>\n\t\t\t\t\t<\/div>\n\t\t<\/div>\n\t\t\t\t<div class=\"elementor-column elementor-col-25 elementor-top-column elementor-element elementor-element-4999d73\" data-id=\"4999d73\" data-element_type=\"column\" data-e-type=\"column\">\n\t\t\t<div class=\"elementor-widget-wrap elementor-element-populated\">\n\t\t\t\t\t\t<div class=\"elementor-element elementor-element-b7db6fb elementor-widget elementor-widget-counter\" data-id=\"b7db6fb\" data-element_type=\"widget\" data-e-type=\"widget\" data-widget_type=\"counter.default\">\n\t\t\t\t<div class=\"elementor-widget-container\">\n\t\t\t\t\t\t\t<div class=\"elementor-counter\">\n\t\t\t<div class=\"elementor-counter-title\">WELTWEITE R\u00dcCKRUFE IM ERSTEN HALBJAHR 2020<\/div>\t\t\t<div class=\"elementor-counter-number-wrapper\">\n\t\t\t\t<span class=\"elementor-counter-number-prefix\"><\/span>\n\t\t\t\t<span class=\"elementor-counter-number\" data-duration=\"2000\" data-to-value=\"13362759\" data-from-value=\"0\" data-delimiter=\",\">0<\/span>\n\t\t\t\t<span class=\"elementor-counter-number-suffix\">+<\/span>\n\t\t\t<\/div>\n\t\t<\/div>\n\t\t\t\t\t\t<\/div>\n\t\t\t\t<\/div>\n\t\t\t\t\t<\/div>\n\t\t<\/div>\n\t\t\t\t<div class=\"elementor-column elementor-col-25 elementor-top-column elementor-element elementor-element-e83f5ea\" data-id=\"e83f5ea\" data-element_type=\"column\" data-e-type=\"column\">\n\t\t\t<div class=\"elementor-widget-wrap\">\n\t\t\t\t\t\t\t<\/div>\n\t\t<\/div>\n\t\t\t\t\t<\/div>\n\t\t<\/section>\n\t\t\t\t<section class=\"elementor-section elementor-top-section elementor-element elementor-element-6eab172 elementor-section-full_width elementor-section-height-default elementor-section-height-default wpr-particle-no wpr-jarallax-no wpr-parallax-no wpr-sticky-section-no\" data-id=\"6eab172\" data-element_type=\"section\" data-e-type=\"section\">\n\t\t\t\t\t\t<div class=\"elementor-container elementor-column-gap-default\">\n\t\t\t\t\t<div class=\"elementor-column elementor-col-100 elementor-top-column elementor-element elementor-element-047fa31\" data-id=\"047fa31\" data-element_type=\"column\" data-e-type=\"column\">\n\t\t\t<div class=\"elementor-widget-wrap elementor-element-populated\">\n\t\t\t\t\t\t<div class=\"elementor-element elementor-element-77337a3 elementor-widget elementor-widget-image\" data-id=\"77337a3\" data-element_type=\"widget\" data-e-type=\"widget\" data-widget_type=\"image.default\">\n\t\t\t\t<div class=\"elementor-widget-container\">\n\t\t\t\t\t\t\t\t\t\t\t\t\t\t\t<img fetchpriority=\"high\" decoding=\"async\" width=\"3072\" height=\"950\" src=\"https:\/\/robolive.info\/wp-content\/uploads\/2024\/02\/recolor-divider.png\" class=\"attachment-full size-full wp-image-11512\" alt=\"\" srcset=\"https:\/\/robolive.info\/wp-content\/uploads\/2024\/02\/recolor-divider.png 3072w, https:\/\/robolive.info\/wp-content\/uploads\/2024\/02\/recolor-divider-300x93.png 300w, https:\/\/robolive.info\/wp-content\/uploads\/2024\/02\/recolor-divider-1024x317.png 1024w, https:\/\/robolive.info\/wp-content\/uploads\/2024\/02\/recolor-divider-768x238.png 768w, https:\/\/robolive.info\/wp-content\/uploads\/2024\/02\/recolor-divider-1536x475.png 1536w, https:\/\/robolive.info\/wp-content\/uploads\/2024\/02\/recolor-divider-2048x633.png 2048w\" sizes=\"(max-width: 3072px) 100vw, 3072px\" \/>\t\t\t\t\t\t\t\t\t\t\t\t\t\t\t<\/div>\n\t\t\t\t<\/div>\n\t\t\t\t\t<\/div>\n\t\t<\/div>\n\t\t\t\t\t<\/div>\n\t\t<\/section>\n\t\t\t\t<section class=\"elementor-section elementor-top-section elementor-element elementor-element-1809186 elementor-section-full_width elementor-section-height-min-height elementor-section-height-default elementor-section-items-middle wpr-particle-no wpr-jarallax-no wpr-parallax-no wpr-sticky-section-no\" data-id=\"1809186\" data-element_type=\"section\" data-e-type=\"section\" data-settings=\"{&quot;background_background&quot;:&quot;classic&quot;}\">\n\t\t\t\t\t\t<div class=\"elementor-container elementor-column-gap-custom\">\n\t\t\t\t\t<div class=\"elementor-column elementor-col-25 elementor-top-column elementor-element elementor-element-5c5d6cf\" data-id=\"5c5d6cf\" data-element_type=\"column\" data-e-type=\"column\">\n\t\t\t<div class=\"elementor-widget-wrap\">\n\t\t\t\t\t\t\t<\/div>\n\t\t<\/div>\n\t\t\t\t<div class=\"elementor-column elementor-col-25 elementor-top-column elementor-element elementor-element-aae0e7d\" data-id=\"aae0e7d\" data-element_type=\"column\" data-e-type=\"column\">\n\t\t\t<div class=\"elementor-widget-wrap elementor-element-populated\">\n\t\t\t\t\t\t<div class=\"elementor-element elementor-element-c9b6b07 elementor-widget elementor-widget-image\" data-id=\"c9b6b07\" data-element_type=\"widget\" data-e-type=\"widget\" data-widget_type=\"image.default\">\n\t\t\t\t<div class=\"elementor-widget-container\">\n\t\t\t\t\t\t\t\t\t\t\t\t\t\t\t<img decoding=\"async\" width=\"1024\" height=\"549\" src=\"https:\/\/robolive.info\/wp-content\/uploads\/2024\/07\/user-guide-22-1024x549.png\" class=\"attachment-large size-large wp-image-12432\" alt=\"\" srcset=\"https:\/\/robolive.info\/wp-content\/uploads\/2024\/07\/user-guide-22-1024x549.png 1024w, https:\/\/robolive.info\/wp-content\/uploads\/2024\/07\/user-guide-22-300x161.png 300w, https:\/\/robolive.info\/wp-content\/uploads\/2024\/07\/user-guide-22-768x412.png 768w, https:\/\/robolive.info\/wp-content\/uploads\/2024\/07\/user-guide-22-1536x824.png 1536w, https:\/\/robolive.info\/wp-content\/uploads\/2024\/07\/user-guide-22.png 1920w\" sizes=\"(max-width: 1024px) 100vw, 1024px\" \/>\t\t\t\t\t\t\t\t\t\t\t\t\t\t\t<\/div>\n\t\t\t\t<\/div>\n\t\t\t\t\t<\/div>\n\t\t<\/div>\n\t\t\t\t<div class=\"elementor-column elementor-col-25 elementor-top-column elementor-element elementor-element-93ad8fe\" data-id=\"93ad8fe\" data-element_type=\"column\" data-e-type=\"column\">\n\t\t\t<div class=\"elementor-widget-wrap elementor-element-populated\">\n\t\t\t\t\t\t<div class=\"elementor-element elementor-element-d347a71 elementor-widget elementor-widget-heading\" data-id=\"d347a71\" data-element_type=\"widget\" data-e-type=\"widget\" data-widget_type=\"heading.default\">\n\t\t\t\t<div class=\"elementor-widget-container\">\n\t\t\t\t\t<h2 class=\"elementor-heading-title elementor-size-default\">ECHTE PREDICTIVE MAINTENANCE <\/h2>\t\t\t\t<\/div>\n\t\t\t\t<\/div>\n\t\t\t\t<div class=\"elementor-element elementor-element-041b4c8 elementor-widget elementor-widget-text-editor\" data-id=\"041b4c8\" data-element_type=\"widget\" data-e-type=\"widget\" data-widget_type=\"text-editor.default\">\n\t\t\t\t<div class=\"elementor-widget-container\">\n\t\t\t\t\t\t\t\t\t<p>Um Roboterdaten auszuwerten, bedarf es normalerweise viel Erfahrung. Die Warnhinweise und Visualisierung von Fehlerursachen von RoboLive<sup>\u00ae<\/sup> jedoch bef\u00e4higen Ihr gesamtes Instandhaltungspersonal dazu, fehlerhafte F\u00fcgeprozesse zu erkennen, zu analysieren und zu bereinigen \u2013 bevor die Teile produzierten werden.<\/p>\n<p>Dar\u00fcber hinaus kann RoboLive<sup>\u00ae<\/sup> alle Warnhinweise statistisch auswerten, sodass Sie immer wissen, welche Linie, welche Roboter und welche Prozesse in welchem Zeitraum am meisten Kopfschmerzen bereitet haben.<\/p>\n\t\t\t\t\t\t\t\t<\/div>\n\t\t\t\t<\/div>\n\t\t\t\t<div class=\"elementor-element elementor-element-49c8953 elementor-widget elementor-widget-button\" data-id=\"49c8953\" data-element_type=\"widget\" data-e-type=\"widget\" data-widget_type=\"button.default\">\n\t\t\t\t<div class=\"elementor-widget-container\">\n\t\t\t\t\t\t\t\t\t<div class=\"elementor-button-wrapper\">\n\t\t\t\t\t<a class=\"elementor-button elementor-button-link elementor-size-sm\" href=\"https:\/\/robolive.info\/de\/de-demo\/\">\n\t\t\t\t\t\t<span class=\"elementor-button-content-wrapper\">\n\t\t\t\t\t\t\t\t\t<span class=\"elementor-button-text\">Holen Sie sich die Demo!<\/span>\n\t\t\t\t\t<\/span>\n\t\t\t\t\t<\/a>\n\t\t\t\t<\/div>\n\t\t\t\t\t\t\t\t<\/div>\n\t\t\t\t<\/div>\n\t\t\t\t\t<\/div>\n\t\t<\/div>\n\t\t\t\t<div class=\"elementor-column elementor-col-25 elementor-top-column elementor-element elementor-element-c860af0\" data-id=\"c860af0\" data-element_type=\"column\" data-e-type=\"column\">\n\t\t\t<div class=\"elementor-widget-wrap\">\n\t\t\t\t\t\t\t<\/div>\n\t\t<\/div>\n\t\t\t\t\t<\/div>\n\t\t<\/section>\n\t\t\t\t<section class=\"elementor-section elementor-top-section elementor-element elementor-element-7fe4155 elementor-section-full_width elementor-section-content-middle elementor-section-height-min-height elementor-section-items-stretch elementor-section-height-default wpr-particle-no wpr-jarallax-no wpr-parallax-no wpr-sticky-section-no\" data-id=\"7fe4155\" data-element_type=\"section\" data-e-type=\"section\" data-settings=\"{&quot;background_background&quot;:&quot;classic&quot;}\">\n\t\t\t\t\t\t\t<div class=\"elementor-background-overlay\"><\/div>\n\t\t\t\t\t\t\t<div class=\"elementor-container elementor-column-gap-custom\">\n\t\t\t\t\t<div class=\"elementor-column elementor-col-25 elementor-top-column elementor-element elementor-element-1ecbafc\" data-id=\"1ecbafc\" data-element_type=\"column\" data-e-type=\"column\" data-settings=\"{&quot;background_background&quot;:&quot;classic&quot;}\">\n\t\t\t<div class=\"elementor-widget-wrap\">\n\t\t\t\t\t\t\t<\/div>\n\t\t<\/div>\n\t\t\t\t<div class=\"elementor-column elementor-col-25 elementor-top-column elementor-element elementor-element-540f1a6\" data-id=\"540f1a6\" data-element_type=\"column\" data-e-type=\"column\" data-settings=\"{&quot;background_background&quot;:&quot;classic&quot;}\">\n\t\t\t<div class=\"elementor-widget-wrap elementor-element-populated\">\n\t\t\t\t\t\t<div class=\"elementor-element elementor-element-69ca7c4 elementor-widget elementor-widget-heading\" data-id=\"69ca7c4\" data-element_type=\"widget\" data-e-type=\"widget\" data-widget_type=\"heading.default\">\n\t\t\t\t<div class=\"elementor-widget-container\">\n\t\t\t\t\t<h2 class=\"elementor-heading-title elementor-size-default\">TERMIN ANFRAGEN<\/h2>\t\t\t\t<\/div>\n\t\t\t\t<\/div>\n\t\t\t\t<div class=\"elementor-element elementor-element-78f4fe8 elementor-widget elementor-widget-text-editor\" data-id=\"78f4fe8\" data-element_type=\"widget\" data-e-type=\"widget\" data-widget_type=\"text-editor.default\">\n\t\t\t\t<div class=\"elementor-widget-container\">\n\t\t\t\t\t\t\t\t\t<p>\u00dcberzeuge Sie sich noch heute von RoboLive<sup>\u00ae<\/sup>. Sehr gerne erz\u00e4hlen wir Ihnen mehr dar\u00fcber oder stellen kundenspezifische Demo-Installer zur Verf\u00fcgung.<\/p>\n\t\t\t\t\t\t\t\t<\/div>\n\t\t\t\t<\/div>\n\t\t\t\t\t<\/div>\n\t\t<\/div>\n\t\t\t\t<div class=\"elementor-column elementor-col-25 elementor-top-column elementor-element elementor-element-1eb9ec1\" data-id=\"1eb9ec1\" data-element_type=\"column\" data-e-type=\"column\" data-settings=\"{&quot;background_background&quot;:&quot;classic&quot;}\">\n\t\t\t<div class=\"elementor-widget-wrap elementor-element-populated\">\n\t\t\t\t\t\t<div class=\"elementor-element elementor-element-f184d12 elementor-button-align-center elementor-tablet-button-align-start elementor-widget elementor-widget-form\" data-id=\"f184d12\" data-element_type=\"widget\" data-e-type=\"widget\" data-settings=\"{&quot;step_next_label&quot;:&quot;Weiter&quot;,&quot;step_previous_label&quot;:&quot;Zur\\u00fcck&quot;,&quot;button_width&quot;:&quot;100&quot;,&quot;step_type&quot;:&quot;number_text&quot;,&quot;step_icon_shape&quot;:&quot;circle&quot;}\" data-widget_type=\"form.default\">\n\t\t\t\t<div class=\"elementor-widget-container\">\n\t\t\t\t\t\t\t<form class=\"elementor-form\" method=\"post\" name=\"contact\" aria-label=\"contact\">\n\t\t\t<input type=\"hidden\" name=\"post_id\" value=\"12985\"\/>\n\t\t\t<input type=\"hidden\" name=\"form_id\" value=\"f184d12\"\/>\n\t\t\t<input type=\"hidden\" name=\"referer_title\" value=\"Ausschuss und R\u00fcckruf | RoboLive\u00ae\" \/>\n\n\t\t\t\t\t\t\t<input type=\"hidden\" name=\"queried_id\" value=\"12985\"\/>\n\t\t\t\n\t\t\t<div class=\"elementor-form-fields-wrapper elementor-labels-above\">\n\t\t\t\t\t\t\t\t<div class=\"elementor-field-type-text elementor-field-group elementor-column elementor-field-group-name elementor-col-100 elementor-field-required\">\n\t\t\t\t\t\t\t\t\t\t\t\t<label for=\"form-field-name\" class=\"elementor-field-label\">\n\t\t\t\t\t\t\t\tName\t\t\t\t\t\t\t<\/label>\n\t\t\t\t\t\t\t\t\t\t\t\t\t\t<input size=\"1\" type=\"text\" name=\"form_fields[name]\" id=\"form-field-name\" class=\"elementor-field elementor-size-md  elementor-field-textual\" placeholder=\"Vorname Nachname\" required=\"required\">\n\t\t\t\t\t\t\t\t\t\t\t<\/div>\n\t\t\t\t\t\t\t\t<div class=\"elementor-field-type-email elementor-field-group elementor-column elementor-field-group-email elementor-col-100 elementor-field-required\">\n\t\t\t\t\t\t\t\t\t\t\t\t<label for=\"form-field-email\" class=\"elementor-field-label\">\n\t\t\t\t\t\t\t\tE-Mail\t\t\t\t\t\t\t<\/label>\n\t\t\t\t\t\t\t\t\t\t\t\t\t\t<input size=\"1\" type=\"email\" name=\"form_fields[email]\" id=\"form-field-email\" class=\"elementor-field elementor-size-md  elementor-field-textual\" placeholder=\"name@email.com\" required=\"required\">\n\t\t\t\t\t\t\t\t\t\t\t<\/div>\n\t\t\t\t\t\t\t\t<div class=\"elementor-field-type-select elementor-field-group elementor-column elementor-field-group-field_9b2819d elementor-col-100\">\n\t\t\t\t\t\t\t\t\t\t\t\t<label for=\"form-field-field_9b2819d\" class=\"elementor-field-label\">\n\t\t\t\t\t\t\t\tAnwendungsfall\t\t\t\t\t\t\t<\/label>\n\t\t\t\t\t\t\t\t<div class=\"elementor-field elementor-select-wrapper remove-before \">\n\t\t\t<div class=\"select-caret-down-wrapper\">\n\t\t\t\t<i aria-hidden=\"true\" class=\"eicon-caret-down\"><\/i>\t\t\t<\/div>\n\t\t\t<select name=\"form_fields[field_9b2819d]\" id=\"form-field-field_9b2819d\" class=\"elementor-field-textual elementor-size-md\">\n\t\t\t\t\t\t\t\t\t<option value=\"Inbetriebnehmer\">Inbetriebnehmer<\/option>\n\t\t\t\t\t\t\t\t\t<option value=\"Hersteller\">Hersteller<\/option>\n\t\t\t\t\t\t\t<\/select>\n\t\t<\/div>\n\t\t\t\t\t\t<\/div>\n\t\t\t\t\t\t\t\t<div class=\"elementor-field-type-textarea elementor-field-group elementor-column elementor-field-group-message elementor-col-100\">\n\t\t\t\t\t\t\t\t\t\t\t\t<label for=\"form-field-message\" class=\"elementor-field-label\">\n\t\t\t\t\t\t\t\tNachricht\t\t\t\t\t\t\t<\/label>\n\t\t\t\t\t\t<textarea class=\"elementor-field-textual elementor-field  elementor-size-md\" name=\"form_fields[message]\" id=\"form-field-message\" rows=\"4\" placeholder=\"Was ich noch sagen wollte...\"><\/textarea>\t\t\t\t<\/div>\n\t\t\t\t\t\t\t\t<div class=\"elementor-field-type-recaptcha_v3 elementor-field-group elementor-column elementor-field-group-field_eeab9ab elementor-col-100 recaptcha_v3-bottomright\">\n\t\t\t\t\t<div class=\"elementor-field\" id=\"form-field-field_eeab9ab\"><div class=\"elementor-g-recaptcha\" data-sitekey=\"6Lc_8-opAAAAANARadKNhnB4BBWsZi6c2FHMZrOO\" data-type=\"v3\" data-action=\"Form\" data-badge=\"bottomright\" data-size=\"invisible\"><\/div><\/div>\t\t\t\t<\/div>\n\t\t\t\t\t\t\t\t<div class=\"elementor-field-group elementor-column elementor-field-type-submit elementor-col-100 e-form__buttons\">\n\t\t\t\t\t<button class=\"elementor-button elementor-size-md\" type=\"submit\">\n\t\t\t\t\t\t<span class=\"elementor-button-content-wrapper\">\n\t\t\t\t\t\t\t\t\t\t\t\t\t\t\t\t\t\t\t\t\t\t<span class=\"elementor-button-text\">Absenden<\/span>\n\t\t\t\t\t\t\t\t\t\t\t\t\t<\/span>\n\t\t\t\t\t<\/button>\n\t\t\t\t<\/div>\n\t\t\t<\/div>\n\t\t<\/form>\n\t\t\t\t\t\t<\/div>\n\t\t\t\t<\/div>\n\t\t\t\t\t<\/div>\n\t\t<\/div>\n\t\t\t\t<div class=\"elementor-column elementor-col-25 elementor-top-column elementor-element elementor-element-9b26a2e\" data-id=\"9b26a2e\" data-element_type=\"column\" data-e-type=\"column\" data-settings=\"{&quot;background_background&quot;:&quot;classic&quot;}\">\n\t\t\t<div class=\"elementor-widget-wrap\">\n\t\t\t\t\t\t\t<\/div>\n\t\t<\/div>\n\t\t\t\t\t<\/div>\n\t\t<\/section>\n\t\t\t\t<\/div>\n\t\t","protected":false},"excerpt":{"rendered":"<p>BEUGEN SIE AUSSCHUSS UND R\u00dcCKRUFEN VOR! Home REAGIEREN SIE FR\u00dcHZEITIG AUF PRODUKTIONSFEHLER In komplexen Karosseriebetrieben fallen fehlerhafte F\u00fcgeprozesse meist erst bei der stichprobenartigen Qualit\u00e4tskontrolle auf. Wenn das Bauteil schon produziert worden ist. Das f\u00fchrt zu Nacharbeit, Ausschuss und im schlimmsten Fall R\u00fcckrufen. RoboLive\u00ae jedoch analysiert regelm\u00e4\u00dfig s\u00e4mtliche Roboterdaten, warnt bei kritischen Problemen wie fehlenden Schwei\u00dfpunkten und visualisiert die Fehlerursache. Bevor das Bauteil produziert wird! WELTWEITE R\u00dcCKRUFE IM ERSTEN HALBJAHR 2020 0 + ECHTE PREDICTIVE MAINTENANCE Um Roboterdaten auszuwerten, bedarf es normalerweise viel Erfahrung. Die Warnhinweise und Visualisierung von Fehlerursachen von RoboLive\u00ae jedoch bef\u00e4higen Ihr gesamtes Instandhaltungspersonal dazu, fehlerhafte F\u00fcgeprozesse zu erkennen, zu analysieren und zu bereinigen \u2013 bevor die Teile produzierten werden. Dar\u00fcber hinaus kann RoboLive\u00ae alle Warnhinweise statistisch auswerten, sodass Sie immer wissen, welche Linie, welche Roboter und welche Prozesse in welchem Zeitraum am meisten Kopfschmerzen bereitet haben. Holen Sie sich die Demo! TERMIN ANFRAGEN \u00dcberzeuge Sie sich noch heute von RoboLive\u00ae. Sehr gerne erz\u00e4hlen wir Ihnen mehr dar\u00fcber oder stellen kundenspezifische Demo-Installer zur Verf\u00fcgung.<\/p>\n","protected":false},"author":7,"featured_media":0,"parent":12987,"menu_order":0,"comment_status":"closed","ping_status":"closed","template":"elementor_header_footer","meta":{"inline_featured_image":false,"footnotes":""},"class_list":["post-12985","page","type-page","status-publish","hentry"],"aioseo_notices":[],"_links":{"self":[{"href":"https:\/\/robolive.info\/de\/wp-json\/wp\/v2\/pages\/12985","targetHints":{"allow":["GET"]}}],"collection":[{"href":"https:\/\/robolive.info\/de\/wp-json\/wp\/v2\/pages"}],"about":[{"href":"https:\/\/robolive.info\/de\/wp-json\/wp\/v2\/types\/page"}],"author":[{"embeddable":true,"href":"https:\/\/robolive.info\/de\/wp-json\/wp\/v2\/users\/7"}],"replies":[{"embeddable":true,"href":"https:\/\/robolive.info\/de\/wp-json\/wp\/v2\/comments?post=12985"}],"version-history":[{"count":9,"href":"https:\/\/robolive.info\/de\/wp-json\/wp\/v2\/pages\/12985\/revisions"}],"predecessor-version":[{"id":14415,"href":"https:\/\/robolive.info\/de\/wp-json\/wp\/v2\/pages\/12985\/revisions\/14415"}],"up":[{"embeddable":true,"href":"https:\/\/robolive.info\/de\/wp-json\/wp\/v2\/pages\/12987"}],"wp:attachment":[{"href":"https:\/\/robolive.info\/de\/wp-json\/wp\/v2\/media?parent=12985"}],"curies":[{"name":"wp","href":"https:\/\/api.w.org\/{rel}","templated":true}]}}